{"id":6848,"date":"2020-06-22T17:38:02","date_gmt":"2020-06-22T21:38:02","guid":{"rendered":"https:\/\/gatransplant.org\/our-programs\/financial-assistance-programs\/insurance-assistance\/"},"modified":"2025-08-13T09:56:18","modified_gmt":"2025-08-13T13:56:18","slug":"insurance-assistance","status":"publish","type":"page","link":"https:\/\/gatransplant.blackbaudwp.com\/es\/our-programs\/financial-assistance-programs\/insurance-assistance\/","title":{"rendered":"Asistencia de seguros"},"content":{"rendered":"<h1>\n\t\t\tAsistencia de seguros\n\t\t<\/h1>\n\t\t\t<p>El objetivo del Programa de Asistencia de Seguros es brindar asistencia financiera a los pacientes antes y despu\u00e9s del trasplante que no pertenecen a Medicare para cubrir el costo de las primas de su seguro, proporcionando una continuaci\u00f3n de la cobertura del seguro m\u00e9dico.<a href=\"https:\/\/gatransplant.blackbaudwp.com\/es\/our-programs\/financial-assistance-programs\/insurance-assistance\/insurance-assistance-application\/\">Apply now<\/a><\/p>\t\t\n\t\t\t<a href=\"#about\" target=\"_self\" rel=\"noopener\">\n\t\t\t\t\t\t\tAbout This Program\n\t\t\t<\/a>\n\t\t\t<a href=\"#howto\" target=\"_self\" rel=\"noopener\">\n\t\t\t\t\t\t\tHow To Apply\n\t\t\t<\/a>\n\t\t\t<a href=\"https:\/\/gatransplant.blackbaudwp.com\/es\/our-programs\/financial-assistance-programs\/insurance-assistance\/insurance-assistance-application\/\" target=\"_self\" rel=\"noopener\">\n\t\t\t\t\t\t\tAplica ya\n\t\t\t<\/a>\n\t\t\t\t\t\t\t\t\t\t<p>Me gustar\u00eda expresar mi agradecimiento por su ayuda y apoyo. Perd\u00ed mi trabajo, mi seguro y mi salud a la vez. Su generosidad es un hermoso ejemplo del amor y la comprensi\u00f3n que sienten todos los pacientes al recibir el apoyo de GTF.\u00a0<\/p>\n\t\t\t\t\t\t\t\t\t<h3>&#8211; Cristi K, Liver Transplant Recipient<\/h3>\n\t<!-- \/.pp-testimonials -->\n\t\t<h2>\n\t\t\tProviding financial assistance\n\t\t<\/h2>\n\t\t\t<h2>El diagn\u00f3stico de una enfermedad aguda potencialmente mortal que requiere trasplante es un evento inesperado para muchos.<\/h2><p>As the medical crisis unfolds there are many demands on a family&#8217;s budget, creating an enormous hardship for families who live to the full capacity of their income. The patient, usually unable to work, must now pay out-of-pocket for health insurance coverage.COBRA health insurance coverage is costly and non-renal transplant patient candidates will not be eligible for Medicare coverage for up to 29 months. Maintaining health care coverage in the face of transplantation is of utmost importance but often times becomes an unaffordable expense. Loss of coverage due to lack of funds has a lasting impact on a patient&#8217;s access to health care.<strong>El objetivo del Programa de asistencia de seguros es brindar asistencia financiera a pacientes antes y despu\u00e9s del trasplante que no pertenecen a Medicare para cubrir el costo de sus primas de seguro y mantener una continuaci\u00f3n de la cobertura del seguro m\u00e9dico.<\/strong><\/p>\t\t\n\t\t<h2>\n\t\t\tHow To Apply\n\t\t<\/h2>\n\t\t<h3>\n\t\t\tStep 1.\n\t\t\t\t\t\t\t\t\t\t\tConfirm Eligibility\n\t\t<\/h3>\n\t\t\t<ul><li>Be a Georgia resident<\/li><li>Listado en UNOS.<\/li><li>Show evidence of financial need<\/li><li>Candidates or recipient not currently receiving Medicare, Medicaid, or having eligibility for other state assistance programs<\/li><\/ul>\t\t\n\t\t<h3>\n\t\t\tStep 2.\n\t\t\t\t\t\t\t\t\t\t\tDiscuss Your Needs\n\t\t<\/h3>\n\t\t\t<p>Talk with your transplant center social worker about your needs.<\/p>\t\t\n\t\t<h3>\n\t\t\tStep 3.\n\t\t\t\t\t\t\t\t\t\t\tApply &#038; Send Documents\n\t\t<\/h3>\n\t\t\t<ul><li>Submit completed application to your social worker or through the online application form<ul><li><strong><a href=\"#apply\">See Application Options for more details<\/a><\/strong><\/li><\/ul><\/li><li>Provide documents to support the requested assistance<\/li><\/ul>\t\t\n\t\t<h3>\n\t\t\tStep 4.\n\t\t\t\t\t\t\t\t\t\t\tReview\n\t\t<\/h3>\n\t\t\t<ul><li>Applications will be reviewed, once submitted and complete<\/li><li>Requesting social worker will be notified regarding the review decision<\/li><\/ul>\t\t\n\t\t<h3>\n\t\t\tStep 5.\n\t\t\t\t\t\t\t\t\t\t\tFunding Provided\n\t\t<\/h3>\n\t\t\t<p>Los cheques se emiten, se pagan al proveedor y se env\u00edan por correo a la casa del receptor del trasplante.<\/p>\t\t\n\t\t<h3>\n\t\t\tHave Questions?\n\t\t<\/h3>\n\t\t\t<p>We&#8217;re happy to answer any questions you have about our Insurance Assistance Program.<\/p>\t\t\n\t\t\t<a href=\"tel:770-457-3796\" target=\"_self\" rel=\"noopener\">\n\t\t\t\t\t\tCall: 770-457-3796\t\t\t\t\t\n\t\t<\/a>\n\t\t\t<a href=\"mailto:GTF@gatransplant.org\" target=\"_self\" rel=\"noopener\">\n\t\t\t\t\t\tEmail: GTF@gatransplant.org\t\t\t\t\t\n\t\t<\/a>\n\t\t<h2>\n\t\t\tApplication Options\n\t\t<\/h2>\n\t\t<h3>\n\t\t\tOnline\n\t\t<\/h3>\n\t\t\t<p>Use our online form to submit your application. <em>Nota: Para acceder a la solicitud en l\u00ednea, necesitar\u00e1 una contrase\u00f1a proporcionada por su trabajador social del centro de trasplantes.<\/em><a href=\"https:\/\/gatransplant.blackbaudwp.com\/es\/our-programs\/financial-assistance-programs\/insurance-assistance\/insurance-assistance-application\/\">Aplica ya<\/a><\/p>\t\t\n\t\t<h3>\n\t\t\tTrabajador social\n\t\t<\/h3>\n\t\t\t<p><a href=\"https:\/\/gatransplant.org\/wp-content\/uploads\/2020\/10\/FINANCIAL-ASSISTANCE.pdf\" target=\"_blank\" rel=\"noopener\">Download<\/a>, print and fill out\u00a0 your application. Once completed, submit it to your transplant center social worker with the necessary documentation.<\/p>","protected":false},"excerpt":{"rendered":"<p>Brinda asistencia financiera para cubrir el costo de las primas de seguro de una persona durante un tiempo limitado para candidatos no cubiertos por Medicare y para beneficiarios.<\/p>","protected":false},"author":43,"featured_media":7873,"parent":6840,"menu_order":24,"comment_status":"closed","ping_status":"closed","template":"","meta":{"_acf_changed":false,"_monsterinsights_skip_tracking":false,"_monsterinsights_sitenote_active":false,"_monsterinsights_sitenote_note":"","_monsterinsights_sitenote_category":0,"footnotes":""},"class_list":["post-6848","page","type-page","status-publish","has-post-thumbnail","hentry"],"acf":[],"aioseo_notices":[],"_links":{"self":[{"href":"https:\/\/gatransplant.blackbaudwp.com\/es\/wp-json\/wp\/v2\/pages\/6848","targetHints":{"allow":["GET"]}}],"collection":[{"href":"https:\/\/gatransplant.blackbaudwp.com\/es\/wp-json\/wp\/v2\/pages"}],"about":[{"href":"https:\/\/gatransplant.blackbaudwp.com\/es\/wp-json\/wp\/v2\/types\/page"}],"author":[{"embeddable":true,"href":"https:\/\/gatransplant.blackbaudwp.com\/es\/wp-json\/wp\/v2\/users\/43"}],"replies":[{"embeddable":true,"href":"https:\/\/gatransplant.blackbaudwp.com\/es\/wp-json\/wp\/v2\/comments?post=6848"}],"version-history":[{"count":5,"href":"https:\/\/gatransplant.blackbaudwp.com\/es\/wp-json\/wp\/v2\/pages\/6848\/revisions"}],"predecessor-version":[{"id":62372,"href":"https:\/\/gatransplant.blackbaudwp.com\/es\/wp-json\/wp\/v2\/pages\/6848\/revisions\/62372"}],"up":[{"embeddable":true,"href":"https:\/\/gatransplant.blackbaudwp.com\/es\/wp-json\/wp\/v2\/pages\/6840"}],"wp:featuredmedia":[{"embeddable":true,"href":"https:\/\/gatransplant.blackbaudwp.com\/es\/wp-json\/wp\/v2\/media\/7873"}],"wp:attachment":[{"href":"https:\/\/gatransplant.blackbaudwp.com\/es\/wp-json\/wp\/v2\/media?parent=6848"}],"curies":[{"name":"wp","href":"https:\/\/api.w.org\/{rel}","templated":true}]}}