{"id":6847,"date":"2020-06-22T17:38:02","date_gmt":"2020-06-22T21:38:02","guid":{"rendered":"https:\/\/gatransplant.org\/our-programs\/financial-assistance-programs\/dental-assistance\/"},"modified":"2025-08-12T21:29:23","modified_gmt":"2025-08-13T01:29:23","slug":"dental-assistance","status":"publish","type":"page","link":"https:\/\/gatransplant.blackbaudwp.com\/es\/our-programs\/financial-assistance-programs\/dental-assistance\/","title":{"rendered":"Asistencia dental"},"content":{"rendered":"<h1>\n\t\t\tASISTENCIA DENTAL\n\t\t<\/h1>\n\t\t\t<p>El Programa de asistencia dental ofrece subvenciones tanto a los candidatos antes del trasplante como a los receptores posteriores al trasplante para ayudarlos a acceder a la atenci\u00f3n dental adecuada directamente relacionada con sus necesidades de trasplante.<a href=\"https:\/\/gatransplant.blackbaudwp.com\/es\/our-programs\/financial-assistance-programs\/dental-assistance\/dental-assistance-application-2\/\">Aplica ya<\/a><\/p>\t\t\n\t\t\t<a href=\"#about\" target=\"_self\" rel=\"noopener\">\n\t\t\t\t\t\t\tAbout This Program\n\t\t\t<\/a>\n\t\t\t<a href=\"#howto\" target=\"_self\" rel=\"noopener\">\n\t\t\t\t\t\t\tHow To Apply\n\t\t\t<\/a>\n\t\t\t<a href=\"#guidelines\" target=\"_self\" rel=\"noopener\">\n\t\t\t\t\t\t\tGuidelines\n\t\t\t<\/a>\n\t\t\t<a href=\"https:\/\/gatransplant.blackbaudwp.com\/es\/our-programs\/financial-assistance-programs\/dental-assistance\/dental-assistance-application-2\/\" target=\"_self\" rel=\"noopener\">\n\t\t\t\t\t\t\tAplica ya\n\t\t\t<\/a>\n\t\t\t\t\t\t\t\t\t\t<p>No s\u00e9 qu\u00e9 hubiera hecho sin GTF. Ese momento de su vida en el que est\u00e1 pasando por un trasplante es lo suficientemente aterrador y estresante. Tener una organizaci\u00f3n como GTF hace una gran diferencia con cosas que importan en muchos niveles diferentes. No tengo que preocuparme por perder mi ri\u00f1\u00f3n debido al dinero. Es realmente invaluable lo que hace GTF.<\/p>\n\t\t\t\t\t\t\t\t\t<h3>&#8211; Charlene L, Kidney Transplant Recipient<\/h3>\n\t<!-- \/.pp-testimonials -->\n\t\t<h2>\n\t\t\tDental care directly related to to transplant needs\n\t\t<\/h2>\n\t\t\t<p><strong>El Programa de asistencia dental ofrece subvenciones tanto a los candidatos previos al trasplante como a los receptores posteriores al trasplante para ayudarlos a acceder a la atenci\u00f3n dental adecuada directamente relacionada con sus necesidades de trasplante.<\/strong>Los pacientes con enfermedades cr\u00f3nicas, que a menudo viven con un ingreso fijo, no pueden pagar los costos dentales adicionales, sin embargo, deben ser aprobados desde una perspectiva dental para ser elegibles para el trasplante. El programa permite a los pacientes seguir adelante con el trabajo que necesitan para recuperar su salud dental, acelerando as\u00ed su lista para trasplante. La atenci\u00f3n de seguimiento, incluidas las limpiezas de rutina, son responsabilidad financiera del paciente.<\/p>\t\t\n\t\t<h2>\n\t\t\tHow To Apply\n\t\t<\/h2>\n\t\t<h3>\n\t\t\tStep 1.\n\t\t\t\t\t\t\t\t\t\t\tConfirm Eligibility\n\t\t<\/h3>\n\t\t\t<ul><li>The patient must be a permanent Georgia resident<\/li><li>Solid organ transplant candidate and recipient<\/li><li>Proof of financial need<\/li><li>Evidence of need related to transplant<\/li><li>Documentation from your transplant center, <strong><a href=\"#guidelines\">see Guidelines for more details<\/a><\/strong><\/li><\/ul>\t\t\n\t\t<h3>\n\t\t\tStep 2.\n\t\t\t\t\t\t\t\t\t\t\tSchedule Treatment Plan\n\t\t<\/h3>\n\t\t\t<p><strong>El paciente programar\u00e1 una cita con un dentista y obtendr\u00e1 un plan de tratamiento.<\/strong>. Esta cita es a cargo del paciente, GTF no cubre el costo de esta visita.<\/p>\t\t\n\t\t<h3>\n\t\t\tStep 3.\n\t\t\t\t\t\t\t\t\t\t\tDental Provider Information\n\t\t<\/h3>\n\t\t\t<ul><li>El paciente presenta el\u00a0<a href=\"https:\/\/gatransplant.org\/wp-content\/uploads\/2021\/08\/Dental-provider-info-updated.pdf\" target=\"\" rel=\"noopener\">Informaci\u00f3n del proveedor dental<\/a>\u00a0hoja y el\u00a0<a href=\"https:\/\/gatransplant.org\/wp-content\/uploads\/2020\/10\/Dental-Fee-Schedule.pdf\" target=\"\" rel=\"noopener\">Lista de tarifas dentales<\/a>\u00a0al dentista para su revisi\u00f3n.<\/li><li>Si est\u00e1 dispuesto a proporcionar servicios a las tarifas documentadas, el dentista firma el\u00a0<a href=\"https:\/\/gatransplant.org\/wp-content\/uploads\/2020\/10\/Dental-Provider-Agreement.pdf\" target=\"\" rel=\"noopener\">Acuerdo de proveedor dental<\/a>\u00a0Formularlo y devolverlo, junto con el plan de tratamiento, al paciente para adjuntarlo con la solicitud a GTF.<\/li><\/ul>\t\t\n\t\t<h3>\n\t\t\tStep 4.\n\t\t\t\t\t\t\t\t\t\t\tComplete Application\n\t\t<\/h3>\n\t\t\t<p>Patient completes the application (online or by mail) and submits it to their transplant social worker\/coordinator with the signed agreement from the dentist and treatment plan for dental needs. <strong><a href=\"#apply\">See Application Options for more details<\/a><\/strong><\/p>\t\t\n\t\t<h3>\n\t\t\tStep 5.\n\t\t\t\t\t\t\t\t\t\t\tApplication Review\n\t\t<\/h3>\n\t\t\t<ul><li>GTF revisa la solicitud y notifica al trabajador social \/ coordinador solicitante de la decisi\u00f3n.<\/li><li><strong>GTF debe aprobar su trabajo dental antes de que comience el tratamiento o usted ser\u00e1 responsable del costo.<\/strong><\/li><\/ul>\t\t\n\t\t<h3>\n\t\t\tStep 6.\n\t\t\t\t\t\t\t\t\t\t\tApproval\n\t\t<\/h3>\n\t\t\t<ul><li><strong>GTF env\u00eda carta al dentista<\/strong>\u00a0destacando los montos acordados para el pago.<\/li><li><strong>La aprobaci\u00f3n es v\u00e1lida por 90 d\u00edas<\/strong>. Solo los servicios enumerados en el plan de tratamiento acordado original est\u00e1n cubiertos por GTF.<\/li><\/ul>\t\t\n\t\t<h3>\n\t\t\tStep 7.\n\t\t\t\t\t\t\t\t\t\t\tTreatment\n\t\t<\/h3>\n\t\t\t<ul><li>Una vez finalizado todo el tratamiento, el proveedor dental enviar\u00e1 la factura final a GTF para el pago del monto acordado. <strong>GTF pagar\u00e1 la factura<\/strong>\u00a0dentro de los diez (10) d\u00edas h\u00e1biles posteriores a la recepci\u00f3n.<\/li><li><strong>El paciente notifica a su centro de trasplantes la finalizaci\u00f3n de su trabajo dental.<\/strong><\/li><\/ul>\t\t\n\t\t<h3>\n\t\t\tHave Questions?\n\t\t<\/h3>\n\t\t\t<p>We&#8217;re happy to answer any questions you have about The Dental Assistance Program.<\/p>\t\t\n\t\t\t<a href=\"#guidelines\" target=\"_self\" rel=\"noopener\">\n\t\t\t\t\t\tRead Guidelines\t\t\t\t\t\n\t\t<\/a>\n\t\t\t<a href=\"tel:770-457-3796\" target=\"_self\" rel=\"noopener\">\n\t\t\t\t\t\tCall: 770-457-3796\t\t\t\t\t\n\t\t<\/a>\n\t\t\t<a href=\"mailto:GTF@gatransplant.org\" target=\"_self\" rel=\"noopener\">\n\t\t\t\t\t\tEmail: GTF@gatransplant.org\t\t\t\t\t\n\t\t<\/a>\n\t\t<h2>\n\t\t\tApplication Options\n\t\t<\/h2>\n\t\t<h3>\n\t\t\tOnline\n\t\t<\/h3>\n\t\t\t<p>Use our online form to submit your application<a href=\"https:\/\/gatransplant.blackbaudwp.com\/es\/our-programs\/financial-assistance-programs\/dental-assistance\/dental-assistance-application-2\/\">Aplica ya<\/a><\/p>\t\t\n\t\t<h3>\n\t\t\tMail\n\t\t<\/h3>\n\t\t\t<p><a href=\"https:\/\/gatransplant.org\/wp-content\/uploads\/2021\/08\/Dental-Assistance-Application.pdf\" target=\"_blank\" rel=\"noopener\">Download<\/a>, fill out and mail your application to:Georgia Transplant Foundation<br \/>885 Woodstock Rd<br \/>Suite 430-542<br \/>Roswell, GA 30075-2274<\/p>\t\t\n\t\t<h2>\n\t\t\tGuidelines\n\t\t<\/h2>\n\t\t\t\tDocumentation from your transplant center\n\t\t\t\t\t<h4>Pre-transplant patients<\/h4>\n<p>To be eligible for the Dental Assistance Program, dental needs must be the FINAL item required by your transplant center to be listed for transplant.<\/p>\n<h4>Pacientes postrasplante<\/h4>\n<p>There must be a serious health threat, such as risk of infection, that is documented by your transplant center in order to be eligible for the Dental Assistance Program.<\/p>\n\t\t\t\tFormularios\n\t\t\t\t\t<ul>\n<li><a href=\"https:\/\/gatransplant.org\/wp-content\/uploads\/2021\/08\/Dental-Assistance-Application.pdf\" target=\"\" rel=\"noopener\">Solicitud de asistencia dental (PDF)<\/a><\/li>\n<li><a href=\"https:\/\/gatransplant.org\/our-programs\/financial-assistance-programs\/dental-assistance\/dental-assistance-application-2\/\">Solicitud de asistencia dental (en l\u00ednea)<\/a><\/li>\n<li><a href=\"https:\/\/gatransplant.org\/wp-content\/uploads\/2021\/08\/Dental-provider-info-updated.pdf\" target=\"\" rel=\"noopener\">Hoja de informaci\u00f3n para proveedores de servicios dentales (PDF)<\/a><\/li>\n<li><a href=\"https:\/\/gatransplant.org\/wp-content\/uploads\/2020\/10\/Dental-Fee-Schedule.pdf\" target=\"\" rel=\"noopener\">Lista de tarifas dentales (PDF)<\/a><\/li>\n<li><a href=\"https:\/\/gatransplant.org\/wp-content\/uploads\/2021\/08\/Dental-provider-info-updated.pdf\" target=\"\" rel=\"noopener\">Formulario de acuerdo de proveedor dental (PDF)<\/a><\/li>\n<\/ul>","protected":false},"excerpt":{"rendered":"<p>Proporciona subvenciones a los clientes antes y despu\u00e9s del trasplante para ayudarles a acceder a la atenci\u00f3n dental adecuada directamente relacionada con las necesidades del trasplante. Todo el cuidado dental debe ser aprobado previamente.<\/p>","protected":false},"author":43,"featured_media":7862,"parent":6840,"menu_order":23,"comment_status":"closed","ping_status":"closed","template":"","meta":{"_acf_changed":false,"_monsterinsights_skip_tracking":false,"_monsterinsights_sitenote_active":false,"_monsterinsights_sitenote_note":"","_monsterinsights_sitenote_category":0,"footnotes":""},"class_list":["post-6847","page","type-page","status-publish","has-post-thumbnail","hentry"],"acf":[],"aioseo_notices":[],"_links":{"self":[{"href":"https:\/\/gatransplant.blackbaudwp.com\/es\/wp-json\/wp\/v2\/pages\/6847","targetHints":{"allow":["GET"]}}],"collection":[{"href":"https:\/\/gatransplant.blackbaudwp.com\/es\/wp-json\/wp\/v2\/pages"}],"about":[{"href":"https:\/\/gatransplant.blackbaudwp.com\/es\/wp-json\/wp\/v2\/types\/page"}],"author":[{"embeddable":true,"href":"https:\/\/gatransplant.blackbaudwp.com\/es\/wp-json\/wp\/v2\/users\/43"}],"replies":[{"embeddable":true,"href":"https:\/\/gatransplant.blackbaudwp.com\/es\/wp-json\/wp\/v2\/comments?post=6847"}],"version-history":[{"count":5,"href":"https:\/\/gatransplant.blackbaudwp.com\/es\/wp-json\/wp\/v2\/pages\/6847\/revisions"}],"predecessor-version":[{"id":62344,"href":"https:\/\/gatransplant.blackbaudwp.com\/es\/wp-json\/wp\/v2\/pages\/6847\/revisions\/62344"}],"up":[{"embeddable":true,"href":"https:\/\/gatransplant.blackbaudwp.com\/es\/wp-json\/wp\/v2\/pages\/6840"}],"wp:featuredmedia":[{"embeddable":true,"href":"https:\/\/gatransplant.blackbaudwp.com\/es\/wp-json\/wp\/v2\/media\/7862"}],"wp:attachment":[{"href":"https:\/\/gatransplant.blackbaudwp.com\/es\/wp-json\/wp\/v2\/media?parent=6847"}],"curies":[{"name":"wp","href":"https:\/\/api.w.org\/{rel}","templated":true}]}}