{"id":6846,"date":"2020-06-22T17:38:02","date_gmt":"2020-06-22T21:38:02","guid":{"rendered":"https:\/\/gatransplant.org\/our-programs\/financial-assistance-programs\/pediatric-assistance\/"},"modified":"2025-08-13T13:32:37","modified_gmt":"2025-08-13T17:32:37","slug":"pediatric-assistance","status":"publish","type":"page","link":"https:\/\/gatransplant.blackbaudwp.com\/es\/our-programs\/financial-assistance-programs\/pediatric-assistance\/","title":{"rendered":"Asistencia pedi\u00e1trica"},"content":{"rendered":"<h1>\n\t\t\tAsistencia pedi\u00e1trica\n\t\t<\/h1>\n\t\t\t<p>Los pacientes pedi\u00e1tricos y sus familias enfrentan desaf\u00edos \u00fanicos durante el proceso de trasplante. Las familias de trasplantes pedi\u00e1tricos y los donantes vivos pedi\u00e1tricos pueden solicitar todos los programas de asistencia financiera de GTF. Hay programas adicionales desarrollados especialmente con el paciente pedi\u00e1trico en mente, incluido el Programa de asistencia de tutor\u00eda.<a href=\"https:\/\/gatransplant.blackbaudwp.com\/es\/our-programs\/financial-assistance-programs\/pediatric-assistance\/pediatric-assistance-application\/\">Apply now<\/a><\/p>\t\t\n\t\t\t<a href=\"#about\" target=\"_self\" rel=\"noopener\">\n\t\t\t\t\t\t\tAbout This Program\n\t\t\t<\/a>\n\t\t\t<a href=\"#howto\" target=\"_self\" rel=\"noopener\">\n\t\t\t\t\t\t\tHow To Apply\n\t\t\t<\/a>\n\t\t\t<a href=\"#guidelines\" target=\"_self\" rel=\"noopener\">\n\t\t\t\t\t\t\tTutoring Assistance\n\t\t\t<\/a>\n\t\t\t<a href=\"https:\/\/gatransplant.blackbaudwp.com\/es\/our-programs\/financial-assistance-programs\/pediatric-assistance\/pediatric-assistance-application\/\" target=\"_self\" rel=\"noopener\">\n\t\t\t\t\t\t\tAplica ya\n\t\t\t<\/a>\n\t\t\t\t\t\t\t\t\t\t<p>Johnny comenz\u00f3 a tener problemas en la escuela despu\u00e9s de una larga hospitalizaci\u00f3n. Recurrimos a GTF y pudieron ayudar a trav\u00e9s de su Programa de Asistencia Pedi\u00e1trica. Johnny recibi\u00f3 tutor\u00eda semanal sin costo alguno para nosotros y estaba sobresaliendo al final del a\u00f1o escolar. Johnny ahora es un receptor de trasplante de h\u00edgado activo y pr\u00f3spero, ingresa al s\u00e9ptimo grado y espera ver a sus amigos en la escuela y trabajar para lograr altas calificaciones.<\/p>\n\t\t\t\t\t\t\t\t\t<h3>&#8211; Anita, Pediatric Liver Transplant Recipient&#8217;s Mother<\/h3>\n\t<!-- \/.pp-testimonials -->\n\t\t<h2>\n\t\t\tSupporting Pediatric patients and their families\n\t\t<\/h2>\n\t\t\t<h3>Los pacientes pedi\u00e1tricos y sus familias enfrentan desaf\u00edos \u00fanicos durante el proceso de trasplante.<\/h3><p>Pediatric transplant families and pediatric living donors may apply for all GTF Financial Assistance Programs, but must follow the specified eligibility guidelines with one exception: pediatric renal patients listed for transplant and receiving Medicare coverage are eligible to apply for pre-transplant financial assistance.This program also considers the special needs of the pediatric population.Please contact your transplant center social worker to discuss your specific need.<\/p>\t\t\n\t\t<h2>\n\t\t\tHow To Apply\n\t\t<\/h2>\n\t\t<h3>\n\t\t\tStep 1.\n\t\t\t\t\t\t\t\t\t\t\tConfirm Eligibility\n\t\t<\/h3>\n\t\t\t<ul><li>Be a Georgia resident<\/li><li>Be a solid organ transplant candidate or recipient<\/li><li>Show proof of financial need<\/li><li>Provide evidence of working on a permanent solution to address the need<\/li><li>Have a need related to transplant<\/li><\/ul>\t\t\n\t\t<h3>\n\t\t\tStep 2.\n\t\t\t\t\t\t\t\t\t\t\tDiscuss Your Needs\n\t\t<\/h3>\n\t\t\t<p>Talk with your transplant center social worker about your needs.<\/p>\t\t\n\t\t<h3>\n\t\t\tStep 3.\n\t\t\t\t\t\t\t\t\t\t\tApply &#038; Send Documents\n\t\t<\/h3>\n\t\t\t<ul><li>Submit completed application to your social worker or through the online application form<ul><li><strong><a href=\"#apply\">See Application Options for more details<\/a><\/strong><\/li><\/ul><\/li><li>Provide documents to support the requested assistance<\/li><\/ul>\t\t\n\t\t<h3>\n\t\t\tStep 4.\n\t\t\t\t\t\t\t\t\t\t\tReview\n\t\t<\/h3>\n\t\t\t<ul><li>Applications will be reviewed, once submitted and complete<\/li><li>Requesting social worker will be notified regarding the review decision<\/li><\/ul>\t\t\n\t\t<h3>\n\t\t\tStep 5.\n\t\t\t\t\t\t\t\t\t\t\tFunding Provided\n\t\t<\/h3>\n\t\t\t<p>Los cheques se emiten, se pagan al proveedor y se env\u00edan por correo a la casa del receptor del trasplante.<\/p>\t\t\n\t\t<h3>\n\t\t\tHave Questions?\n\t\t<\/h3>\n\t\t\t<p>We&#8217;re happy to answer any questions you have about our Pediatric Assistance Program.<\/p>\t\t\n\t\t\t<a href=\"tel:770-457-3796\" target=\"_self\" rel=\"noopener\">\n\t\t\t\t\t\tCall: 770-457-3796\t\t\t\t\t\n\t\t<\/a>\n\t\t\t<a href=\"mailto:GTF@gatransplant.org\" target=\"_self\" rel=\"noopener\">\n\t\t\t\t\t\tEmail: GTF@gatransplant.org\t\t\t\t\t\n\t\t<\/a>\n\t\t<h2>\n\t\t\tApplication Options\n\t\t<\/h2>\n\t\t<h3>\n\t\t\tOnline\n\t\t<\/h3>\n\t\t\t<p>Use our online form to submit your application. <em>Nota: Para acceder a la solicitud en l\u00ednea, necesitar\u00e1 una contrase\u00f1a proporcionada por su trabajador social del centro de trasplantes.<\/em><a href=\"https:\/\/gatransplant.blackbaudwp.com\/es\/our-programs\/financial-assistance-programs\/pediatric-assistance\/pediatric-assistance-application\/\">Aplica ya<\/a><\/p>\t\t\n\t\t<h3>\n\t\t\tTrabajador social\n\t\t<\/h3>\n\t\t\t<p><a href=\"https:\/\/gatransplant.org\/wp-content\/uploads\/2020\/10\/Pediatric-Application.pdf\" target=\"_blank\" rel=\"noopener\">Download<\/a>, print and fill out\u00a0 your application. Once completed, submit it to your transplant center social worker with the necessary documentation.<\/p>\t\t\n\t\t<h2>\n\t\t\tTutoring Assistance Program\n\t\t<\/h2>\n\t\t\t<p>Georgia Transplant Foundation developed the Tutoring Assistance Program to address the educational needs of children who have received a solid organ transplant. These children miss many school days due to transplantation, follow-up procedures and biopsies. Children with a good school experience have increased self-esteem, are able to set goals, have healthier personal relationships, and are more likely to take their post-transplant anti-rejection medications.Caregivers of chronically ill children, who are often living on a fixed income, cannot afford supplemental educational costs such as tutoring. Therefore, GTF&#8217;s Tutoring Assistance Program&#8217;s main focus is to ensure post-transplant children have a successful school experience by providing financial assistance for tutoring needs in accordance to program guidelines.<strong>Contact your transplant center social worker to discuss your needs.<\/strong><\/p>","protected":false},"excerpt":{"rendered":"<p>Ayuda en circunstancias \u00fanicas para los candidatos \/ receptores pedi\u00e1tricos y sus familias.<\/p>","protected":false},"author":43,"featured_media":7022,"parent":6840,"menu_order":22,"comment_status":"closed","ping_status":"closed","template":"","meta":{"_acf_changed":false,"_monsterinsights_skip_tracking":false,"_monsterinsights_sitenote_active":false,"_monsterinsights_sitenote_note":"","_monsterinsights_sitenote_category":0,"footnotes":""},"class_list":["post-6846","page","type-page","status-publish","has-post-thumbnail","hentry"],"acf":[],"aioseo_notices":[],"_links":{"self":[{"href":"https:\/\/gatransplant.blackbaudwp.com\/es\/wp-json\/wp\/v2\/pages\/6846","targetHints":{"allow":["GET"]}}],"collection":[{"href":"https:\/\/gatransplant.blackbaudwp.com\/es\/wp-json\/wp\/v2\/pages"}],"about":[{"href":"https:\/\/gatransplant.blackbaudwp.com\/es\/wp-json\/wp\/v2\/types\/page"}],"author":[{"embeddable":true,"href":"https:\/\/gatransplant.blackbaudwp.com\/es\/wp-json\/wp\/v2\/users\/43"}],"replies":[{"embeddable":true,"href":"https:\/\/gatransplant.blackbaudwp.com\/es\/wp-json\/wp\/v2\/comments?post=6846"}],"version-history":[{"count":5,"href":"https:\/\/gatransplant.blackbaudwp.com\/es\/wp-json\/wp\/v2\/pages\/6846\/revisions"}],"predecessor-version":[{"id":62377,"href":"https:\/\/gatransplant.blackbaudwp.com\/es\/wp-json\/wp\/v2\/pages\/6846\/revisions\/62377"}],"up":[{"embeddable":true,"href":"https:\/\/gatransplant.blackbaudwp.com\/es\/wp-json\/wp\/v2\/pages\/6840"}],"wp:featuredmedia":[{"embeddable":true,"href":"https:\/\/gatransplant.blackbaudwp.com\/es\/wp-json\/wp\/v2\/media\/7022"}],"wp:attachment":[{"href":"https:\/\/gatransplant.blackbaudwp.com\/es\/wp-json\/wp\/v2\/media?parent=6846"}],"curies":[{"name":"wp","href":"https:\/\/api.w.org\/{rel}","templated":true}]}}