{"id":6845,"date":"2020-06-22T17:38:02","date_gmt":"2020-06-22T21:38:02","guid":{"rendered":"https:\/\/gatransplant.org\/our-programs\/financial-assistance-programs\/lodging-assistance\/"},"modified":"2025-08-13T09:55:28","modified_gmt":"2025-08-13T13:55:28","slug":"lodging-assistance","status":"publish","type":"page","link":"https:\/\/gatransplant.blackbaudwp.com\/es\/our-programs\/financial-assistance-programs\/lodging-assistance\/","title":{"rendered":"Asistencia de alojamiento"},"content":{"rendered":"<h1>\n\t\t\tAsistencia de alojamiento\n\t\t<\/h1>\n\t\t\t<p>El Programa de Asistencia de Alojamiento brinda asistencia financiera con los costos de vivienda temporal espec\u00edficamente relacionados con el trasplante que surgen debido a la atenci\u00f3n de seguimiento y complicaciones inesperadas.<a href=\"https:\/\/gatransplant.blackbaudwp.com\/es\/our-programs\/financial-assistance-programs\/lodging-assistance\/lodging-assistance-application\/\">Apply now<\/a><\/p>\t\t\n\t\t\t<a href=\"#about\" target=\"_self\" rel=\"noopener\">\n\t\t\t\t\t\t\tAbout This Program\n\t\t\t<\/a>\n\t\t\t<a href=\"#guidelines\" target=\"_self\" rel=\"noopener\">\n\t\t\t\t\t\t\tOpciones de alojamiento\n\t\t\t<\/a>\n\t\t\t<a href=\"#howto\" target=\"_self\" rel=\"noopener\">\n\t\t\t\t\t\t\tHow To Apply\n\t\t\t<\/a>\n\t\t\t<a href=\"https:\/\/gatransplant.blackbaudwp.com\/es\/our-programs\/financial-assistance-programs\/lodging-assistance\/lodging-assistance-application\/\" target=\"_self\" rel=\"noopener\">\n\t\t\t\t\t\t\tAplica ya\n\t\t\t<\/a>\n\t\t\t\t\t\t\t\t\t\t<p>Mis cicatrices son un recordatorio constante de lo bendecido que soy con mi donante y con Dios por darme un h\u00edgado nuevo y una vida nueva. \u00a1GTF estuvo ah\u00ed para ayudarme durante todo el camino!<\/p>\n\t\t\t\t\t\t\t\t\t<h3>&#8211; Jennifer S, Liver Transplant Recipient<\/h3>\n\t<!-- \/.pp-testimonials -->\n\t\t<h2>\n\t\t\tProviding Lodging assistance\n\t\t<\/h2>\n\t\t\t<h3>Muchos receptores, candidatos y familiares necesitan alojamiento en el \u00e1rea que rodea su centro de trasplantes para recibir atenci\u00f3n m\u00e9dica de seguimiento.<\/h3><p>A menudo, los candidatos y beneficiarios carecen de los recursos para afrontar los gastos adicionales en los que incurren mientras reciben tratamiento lejos de su hogar cuando todav\u00eda tienen que pagar por su hogar permanente. Adem\u00e1s, a menudo hay necesidades de alojamiento inesperadas que surgen con atenci\u00f3n de seguimiento y complicaciones inesperadas, y muchos pacientes y familias no pueden pagar este costo.\u00a0<em>El programa no pretende reemplazar la planificaci\u00f3n previa al trasplante ni abordar las visitas de seguimiento a corto plazo o continuas al centro de trasplantes. Las solicitudes de asistencia postrasplante no se aprobar\u00e1n antes del trasplante.<\/em><em>Se puede ofrecer asistencia de alojamiento para la familia durante la estad\u00eda previa al trasplante mientras el paciente est\u00e1 hospitalizado o despu\u00e9s del trasplante, seg\u00fan lo requiera el equipo m\u00e9dico.<\/em><\/p>\t\t\n\t\t<h2>\n\t\t\tHow To Apply\n\t\t<\/h2>\n\t\t<h3>\n\t\t\tStep 1.\n\t\t\t\t\t\t\t\t\t\t\tConfirm Eligibility\n\t\t<\/h3>\n\t\t\t<ul><li>Georgia resident<\/li><li>Solid organ transplant recipient<\/li><li>Proof of a need related to transplant<\/li><li>Proof of financial need<\/li><li>Proof of working towards a permanent solution<\/li><li>Lodging needs are pre-approved<\/li><\/ul>\t\t\n\t\t<h3>\n\t\t\tStep 2.\n\t\t\t\t\t\t\t\t\t\t\tDiscuss Your Needs\n\t\t<\/h3>\n\t\t\t<p>Talk with your transplant center social worker about your needs.<\/p>\t\t\n\t\t<h3>\n\t\t\tStep 3.\n\t\t\t\t\t\t\t\t\t\t\tApply &#038; Send Documents\n\t\t<\/h3>\n\t\t\t<ul><li>Submit completed application to your social worker or through the online application form<ul><li><strong><a href=\"#apply\">See Application Options for more details<\/a><\/strong><\/li><\/ul><\/li><li>Provide documents to support the requested assistance<\/li><\/ul>\t\t\n\t\t<h3>\n\t\t\tStep 4.\n\t\t\t\t\t\t\t\t\t\t\tReview\n\t\t<\/h3>\n\t\t\t<ul><li>Applications will be reviewed, once submitted and complete<\/li><li>Requesting social worker will be notified regarding the review decision<\/li><\/ul>\t\t\n\t\t<h3>\n\t\t\tStep 5.\n\t\t\t\t\t\t\t\t\t\t\tFunding Provided\n\t\t<\/h3>\n\t\t\t<p>Checks are written payable to the vendor.<\/p>\n\t\t<h3>\n\t\t\tHave Questions?\n\t\t<\/h3>\n\t\t\t<p>We&#8217;re happy to answer any questions you have about our Lodging Assistance Program.<\/p>\t\t\n\t\t\t<a href=\"tel:770-457-3796\" target=\"_self\" rel=\"noopener\">\n\t\t\t\t\t\tCall: 770-457-3796\t\t\t\t\t\n\t\t<\/a>\n\t\t\t<a href=\"#guidelines\" target=\"_self\" rel=\"noopener\">\n\t\t\t\t\t\tView Lodging Options\t\t\t\t\t\n\t\t<\/a>\n\t\t\t<a href=\"mailto:GTF@gatransplant.org\" target=\"_self\" rel=\"noopener\">\n\t\t\t\t\t\tEmail: GTF@gatransplant.org\t\t\t\t\t\n\t\t<\/a>\n\t\t<h2>\n\t\t\tApplication Options\n\t\t<\/h2>\n\t\t<h3>\n\t\t\tOnline\n\t\t<\/h3>\n\t\t\t<p>Use our online form to submit your application. <em>Nota: Para acceder a la solicitud en l\u00ednea, necesitar\u00e1 una contrase\u00f1a proporcionada por su trabajador social del centro de trasplantes.<\/em><a href=\"https:\/\/gatransplant.blackbaudwp.com\/es\/our-programs\/financial-assistance-programs\/lodging-assistance\/lodging-assistance-application\/\">Aplica ya<\/a><\/p>\t\t\n\t\t<h3>\n\t\t\tTrabajador social\n\t\t<\/h3>\n\t\t\t<p><a href=\"https:\/\/gatransplant.org\/wp-content\/uploads\/2020\/10\/FINANCIAL-ASSISTANCE.pdf\" target=\"_blank\" rel=\"noopener\">Download<\/a>, print and fill out\u00a0 your application. Once completed, submit it to your transplant center social worker with the necessary documentation.<\/p>\t\t\n\t\t<h2>\n\t\t\tOPCIONES DE ALOJAMIENTO\n\t\t<\/h2>\n\t\t\t<p><em>Pregunte solo si hay espacio disponible.\u00a0<strong>No haga<\/strong>\u00a0<strong>reserva<\/strong> con cualquiera de estas opciones antes de que GTF haya otorgado su autorizaci\u00f3n de trabajador social.<\/em><\/p>\t\t\n\t\t\t\tRecursos del \u00e1rea de Atlanta\n\t\t\t\t\t<h3>Opciones de alojamiento<\/h3>\n<ul>\n<li><a href=\"https:\/\/jcevansfoundation.org\/\">Apartamentos en Jeffrey Campbell Evans Foundation<\/a> (404) 644-7144<\/li>\n<li><a href=\"https:\/\/www.emoryhealthcare.org\/centers-programs\/transplant-center\/mason-house.html\">Casa de hu\u00e9spedes en Mason<\/a> (404) 712-5110 &#8211; <em>En el campus de Emory; bienvenidos a los pacientes y cuidadores de Emory y Piedmont.<\/em><\/li>\n<li><a href=\"https:\/\/www.piedmont.org\/locations\/piedmont-atlanta\/pah-guest-services\">Centro de visitantes de Piedmont<\/a> (404) 605-3800<\/li>\n<li><a href=\"https:\/\/armhc.org\/our-houses\/\">Casa de Ronald McDonald<\/a> (404) 315-1133 &#8211; <em>Exclusivamente para familias de trasplantes pedi\u00e1tricos.<\/em><\/li>\n<\/ul>\n<h3>Opciones de hotel<\/h3>\n<ul>\n<li><a href=\"https:\/\/www.hilton.com\/en\/hotels\/atldhhx-hampton-atlanta-north-druid-hills\/\">Hampton Inn<\/a><\/li>\n<li><a href=\"https:\/\/www.choicehotels.com\/georgia\/atlanta\/quality-inn-hotels\/ga873\">Suites de calidad<\/a><\/li>\n<li><a href=\"https:\/\/www.marriott.com\/hotels\/travel\/atlbu-towneplace-suites-atlanta-buckhead\/\">Suites TownePlace<\/a>\/<a href=\"https:\/\/www.ihg.com\/holidayinnexpress\/hotels\/us\/en\/atlanta\/atlbe\/hoteldetail\">Holiday Inn Express<\/a><\/li>\n<\/ul>\n\t\t\t\tRecursos del \u00e1rea de Jacksonville\n\t\t\t\t\t<h3>Opciones de alojamiento<\/h3>\n<ul>\n<li><a href=\"https:\/\/gabrielhouseofcare.org\/\">Gabriel House of Care<\/a><\/li>\n<li><a href=\"https:\/\/brooksrehab.org\/helens-house\/\">Helen&#8217;s House<\/a><\/li>\n<\/ul>\n<h3>Opciones de hotel<\/h3>\n<ul>\n<li><a href=\"https:\/\/www.marriott.com\/hotel-info\/jaxmc-courtyard-jacksonville-mayo-clinic-beaches\/visiting-the-mayo-clinic\/flzlpk9\/home-page.mi\">Patio<\/a><\/li>\n<li><a href=\"https:\/\/www.sonesta.com\/us\/florida\/jacksonville\/sonesta-es-suites-jacksonville\">Sonesta<\/a><\/li>\n<li><a href=\"https:\/\/www.hospitalityonline.com\/homewood-jacksonville\">Suites Homewood<\/a><\/li>\n<\/ul>\n\t\t\t\tRecursos del \u00e1rea de Birmingham\n\t\t\t\t\t<h3>Opci\u00f3n hotel<\/h3>\n<ul>\n<li><a href=\"https:\/\/www3.hilton.com\/en\/hotels\/alabama\/hilton-birmingham-at-uab-BHMHHHH\/index.html\">Hotel Hilton de Birmingham<\/a><\/li>\n<\/ul>\n\t\t\t\tRecursos del \u00e1rea de Augusta\n\t\t\t\t\t<h3>Opci\u00f3n hotel<\/h3>\n<ul>\n<li><a href=\"https:\/\/www.ihg.com\/holidayinnexpress\/hotels\/us\/en\/augusta\/agsdt\/hoteldetail\">Holiday Inn Express<\/a><\/li>\n<\/ul>\n\t\t\t\tRecursos del \u00e1rea de Charleston\n\t\t\t\t\t<h3>Opci\u00f3n hotel<\/h3>\n<ul>\n<li>Holiday Inn<\/li>\n<\/ul>","protected":false},"excerpt":{"rendered":"<p>Ayuda con los costos de alojamiento temporal mientras uno est\u00e1 fuera de casa buscando atenci\u00f3n relacionada con el trasplante. Esto debe ser aprobado previamente y est\u00e1 sujeto a un m\u00e1ximo diario.<\/p>","protected":false},"author":43,"featured_media":7852,"parent":6840,"menu_order":21,"comment_status":"closed","ping_status":"closed","template":"","meta":{"_acf_changed":false,"_monsterinsights_skip_tracking":false,"_monsterinsights_sitenote_active":false,"_monsterinsights_sitenote_note":"","_monsterinsights_sitenote_category":0,"footnotes":""},"class_list":["post-6845","page","type-page","status-publish","has-post-thumbnail","hentry"],"acf":[],"aioseo_notices":[],"_links":{"self":[{"href":"https:\/\/gatransplant.blackbaudwp.com\/es\/wp-json\/wp\/v2\/pages\/6845","targetHints":{"allow":["GET"]}}],"collection":[{"href":"https:\/\/gatransplant.blackbaudwp.com\/es\/wp-json\/wp\/v2\/pages"}],"about":[{"href":"https:\/\/gatransplant.blackbaudwp.com\/es\/wp-json\/wp\/v2\/types\/page"}],"author":[{"embeddable":true,"href":"https:\/\/gatransplant.blackbaudwp.com\/es\/wp-json\/wp\/v2\/users\/43"}],"replies":[{"embeddable":true,"href":"https:\/\/gatransplant.blackbaudwp.com\/es\/wp-json\/wp\/v2\/comments?post=6845"}],"version-history":[{"count":5,"href":"https:\/\/gatransplant.blackbaudwp.com\/es\/wp-json\/wp\/v2\/pages\/6845\/revisions"}],"predecessor-version":[{"id":62370,"href":"https:\/\/gatransplant.blackbaudwp.com\/es\/wp-json\/wp\/v2\/pages\/6845\/revisions\/62370"}],"up":[{"embeddable":true,"href":"https:\/\/gatransplant.blackbaudwp.com\/es\/wp-json\/wp\/v2\/pages\/6840"}],"wp:featuredmedia":[{"embeddable":true,"href":"https:\/\/gatransplant.blackbaudwp.com\/es\/wp-json\/wp\/v2\/media\/7852"}],"wp:attachment":[{"href":"https:\/\/gatransplant.blackbaudwp.com\/es\/wp-json\/wp\/v2\/media?parent=6845"}],"curies":[{"name":"wp","href":"https:\/\/api.w.org\/{rel}","templated":true}]}}