{"id":6844,"date":"2020-06-22T17:38:02","date_gmt":"2020-06-22T21:38:02","guid":{"rendered":"https:\/\/gatransplant.org\/our-programs\/financial-assistance-programs\/evaluation-assistance\/"},"modified":"2025-08-13T09:04:34","modified_gmt":"2025-08-13T13:04:34","slug":"evaluation-assistance","status":"publish","type":"page","link":"https:\/\/gatransplant.blackbaudwp.com\/es\/our-programs\/financial-assistance-programs\/evaluation-assistance\/","title":{"rendered":"Asistencia de evaluaci\u00f3n"},"content":{"rendered":"<h1>\n\t\t\tAsistencia de evaluaci\u00f3n\n\t\t<\/h1>\n\t\t\t<p>Los candidatos potenciales para un trasplante deben viajar al hospital para ser evaluados a fin de ser incluidos para un trasplante. Estos candidatos potenciales a menudo carecen de los recursos para pagar los costos de combustible y alojamiento asociados con los viajes. El objetivo del Programa de Asistencia para la Evaluaci\u00f3n es brindar acceso al trasplante ofreciendo apoyo financiero a los residentes de Georgia que buscan una evaluaci\u00f3n para el trasplante.<a href=\"https:\/\/gatransplant.blackbaudwp.com\/es\/our-programs\/financial-assistance-programs\/evaluation-assistance\/evaluation-assistance-application\/\">Aplica ya<\/a><\/p>\t\t\n\t\t\t<a href=\"#about\" target=\"_self\" rel=\"noopener\">\n\t\t\t\t\t\t\tAbout This Program\n\t\t\t<\/a>\n\t\t\t<a href=\"#howto\" target=\"_self\" rel=\"noopener\">\n\t\t\t\t\t\t\tHow To Apply\n\t\t\t<\/a>\n\t\t\t<a href=\"https:\/\/gatransplant.blackbaudwp.com\/es\/our-programs\/financial-assistance-programs\/evaluation-assistance\/evaluation-assistance-application\/\" target=\"_self\" rel=\"noopener\">\n\t\t\t\t\t\t\tAplica ya\n\t\t\t<\/a>\n\t\t\t\t\t\t\t\t\t\t<p>I don&#8217;t know how to express my thanks other than saying THANK YOU. Those two words are not enough to express my appreciation of you for walking with us during this challenging transplant journey. Your generosity enables GTF to financially support and encourage me each step of the way.<\/p>\n\t\t\t\t\t\t\t\t\t<h3>&#8211; Jim T, Liver Transplant Recipient<\/h3>\n\t<!-- \/.pp-testimonials -->\n\t\t<h2>\n\t\t\tProvideing access to transplantation\n\t\t<\/h2>\n\t\t\t<p>Los candidatos potenciales para un trasplante deben viajar al hospital para ser evaluados a fin de pasar por las pruebas necesarias para ser incluidos en la lista para un trasplante. Estos candidatos potenciales a menudo carecen de los recursos para pagar los costos de combustible, alojamiento y tarifas de estacionamiento asociadas con el viaje y el proceso de evaluaci\u00f3n del trasplante, que generalmente dura entre tres y cinco d\u00edas.<strong>El objetivo del Programa de Asistencia para la Evaluaci\u00f3n es brindar acceso al trasplante ofreciendo apoyo financiero a los residentes de Georgia que viven al menos a 75 millas del centro de trasplante donde tienen programada su cita de evaluaci\u00f3n y muestran necesidad financiera.<\/strong><\/p>\t\t\n\t\t<h2>\n\t\t\tHow To Apply\n\t\t<\/h2>\n\t\t<h3>\n\t\t\tStep 1.\n\t\t\t\t\t\t\t\t\t\t\tConfirm Eligibility\n\t\t<\/h3>\n\t\t\t<ul><li>Be a Georgia resident<\/li><li>Potential candidate for transplant who has their initial evaluation appointment scheduled and live at least 75-miles away from the transplant center<\/li><li>Show evidence of financial need<\/li><\/ul>\t\t\n\t\t<h3>\n\t\t\tStep 2.\n\t\t\t\t\t\t\t\t\t\t\tDiscuss Needs\n\t\t<\/h3>\n\t\t\t<p>Talk to your transplant center or dialysis center social worker about your needs.<\/p>\t\t\n\t\t<h3>\n\t\t\tStep 3.\n\t\t\t\t\t\t\t\t\t\t\tApply &#038; Send Documents\n\t\t<\/h3>\n\t\t\t<ul><li>Submit a completed application to your social worker or through the online application form<\/li><li>Provide documents to support the requested assistance<\/li><li><strong><a href=\"#apply\">See Application Options for more details<\/a><\/strong><\/li><\/ul>\t\t\n\t\t<h3>\n\t\t\tStep 4.\n\t\t\t\t\t\t\t\t\t\t\tReview\n\t\t<\/h3>\n\t\t\t<ul><li>Applications will be reviewed, once submitted and complete<\/li><li>Requesting social worker will be notified regarding the review decision<\/li><\/ul>\t\t\n\t\t<h3>\n\t\t\tHave Questions?\n\t\t<\/h3>\n\t\t\t<p>We&#8217;re happy to answer any questions you have about our Evaluation Assistance program.<\/p>\t\t\n\t\t\t<a href=\"tel:770-457-3796\" target=\"_self\" rel=\"noopener\">\n\t\t\t\t\t\tCall: 770-457-3796\t\t\t\t\t\n\t\t<\/a>\n\t\t\t<a href=\"mailto:GTF@gatransplant.org\" target=\"_self\" rel=\"noopener\">\n\t\t\t\t\t\tEmail: GTF@gatransplant.org\t\t\t\t\t\n\t\t<\/a>\n\t\t<h2>\n\t\t\tApplication Options\n\t\t<\/h2>\n\t\t<h3>\n\t\t\tOnline\n\t\t<\/h3>\n\t\t\t<p>Use our online form to submit your application. <em>Nota: Para acceder a la solicitud en l\u00ednea, necesitar\u00e1 una contrase\u00f1a proporcionada por su trabajador social del centro de di\u00e1lisis o trasplante.<\/em><a href=\"https:\/\/gatransplant.blackbaudwp.com\/es\/our-programs\/financial-assistance-programs\/evaluation-assistance\/evaluation-assistance-application\/\">Aplica ya<\/a><\/p>\t\t\n\t\t<h3>\n\t\t\tTrabajador social\n\t\t<\/h3>\n\t\t\t<p><a href=\"https:\/\/gatransplant.org\/wp-content\/uploads\/2020\/12\/Evaluation_Application.pdf\" target=\"_blank\" rel=\"noopener\">Download<\/a>, print and fill out\u00a0 your application. Once completed, submit it to your transplant center social worker with the necessary documentation.<\/p>","protected":false},"excerpt":{"rendered":"<p>Brinda acceso al trasplante para los candidatos potenciales que deben viajar al hospital para una evaluaci\u00f3n y necesitan ayuda con los costos de combustible y alojamiento asociados con el viaje.<\/p>","protected":false},"author":43,"featured_media":7845,"parent":6840,"menu_order":20,"comment_status":"closed","ping_status":"closed","template":"","meta":{"_acf_changed":false,"_monsterinsights_skip_tracking":false,"_monsterinsights_sitenote_active":false,"_monsterinsights_sitenote_note":"","_monsterinsights_sitenote_category":0,"footnotes":""},"class_list":["post-6844","page","type-page","status-publish","has-post-thumbnail","hentry"],"acf":[],"aioseo_notices":[],"_links":{"self":[{"href":"https:\/\/gatransplant.blackbaudwp.com\/es\/wp-json\/wp\/v2\/pages\/6844","targetHints":{"allow":["GET"]}}],"collection":[{"href":"https:\/\/gatransplant.blackbaudwp.com\/es\/wp-json\/wp\/v2\/pages"}],"about":[{"href":"https:\/\/gatransplant.blackbaudwp.com\/es\/wp-json\/wp\/v2\/types\/page"}],"author":[{"embeddable":true,"href":"https:\/\/gatransplant.blackbaudwp.com\/es\/wp-json\/wp\/v2\/users\/43"}],"replies":[{"embeddable":true,"href":"https:\/\/gatransplant.blackbaudwp.com\/es\/wp-json\/wp\/v2\/comments?post=6844"}],"version-history":[{"count":5,"href":"https:\/\/gatransplant.blackbaudwp.com\/es\/wp-json\/wp\/v2\/pages\/6844\/revisions"}],"predecessor-version":[{"id":62356,"href":"https:\/\/gatransplant.blackbaudwp.com\/es\/wp-json\/wp\/v2\/pages\/6844\/revisions\/62356"}],"up":[{"embeddable":true,"href":"https:\/\/gatransplant.blackbaudwp.com\/es\/wp-json\/wp\/v2\/pages\/6840"}],"wp:featuredmedia":[{"embeddable":true,"href":"https:\/\/gatransplant.blackbaudwp.com\/es\/wp-json\/wp\/v2\/media\/7845"}],"wp:attachment":[{"href":"https:\/\/gatransplant.blackbaudwp.com\/es\/wp-json\/wp\/v2\/media?parent=6844"}],"curies":[{"name":"wp","href":"https:\/\/api.w.org\/{rel}","templated":true}]}}