{"id":6843,"date":"2020-06-22T17:38:02","date_gmt":"2020-06-22T21:38:02","guid":{"rendered":"https:\/\/gatransplant.org\/our-programs\/financial-assistance-programs\/emergency-assistance\/"},"modified":"2025-08-13T09:02:15","modified_gmt":"2025-08-13T13:02:15","slug":"emergency-assistance","status":"publish","type":"page","link":"https:\/\/gatransplant.blackbaudwp.com\/es\/our-programs\/financial-assistance-programs\/emergency-assistance\/","title":{"rendered":"Asistencia de emergencia"},"content":{"rendered":"<h1>\n\t\t\tASISTENCIA DE EMERGENCIA\n\t\t<\/h1>\n\t\t\t<p>The Emergency Financial Assistance Program is intended to offer transitional support for emergency needs that are not considered medical in nature but have a direct impact on the survival and health of the transplant recipient.<a href=\"https:\/\/gatransplant.blackbaudwp.com\/es\/our-programs\/financial-assistance-programs\/emergency-assistance\/emergency-assistance-application\/\">Aplica ya<\/a><\/p>\t\t\n\t\t\t<a href=\"#about\" target=\"_self\" rel=\"noopener\">\n\t\t\t\t\t\t\tAbout This Program\n\t\t\t<\/a>\n\t\t\t<a href=\"#howto\" target=\"_self\" rel=\"noopener\">\n\t\t\t\t\t\t\tHow To Apply\n\t\t\t<\/a>\n\t\t\t<a href=\"https:\/\/gatransplant.blackbaudwp.com\/es\/our-programs\/financial-assistance-programs\/emergency-assistance\/emergency-assistance-application\/\" target=\"_self\" rel=\"noopener\">\n\t\t\t\t\t\t\tAplica ya\n\t\t\t<\/a>\n\t\t\t\t\t\t\t\t\t\t<p>I was doing fine after receiving a kidney transplant &#8211; I was self-sufficient and making ends-meet. But at age 39, I discovered that I needed follow-up surgery and had to take unpaid leave from my job. I&#8217;m grateful to GTF because they helped me through a crisis period by paying for my daily medications, health insurance premiums, and my monthly rent until I was able to return to work.<\/p>\n\t\t\t\t\t\t\t\t\t<h3>&#8211; Leslie B, Kidney Transplant Recipient<\/h3>\n\t<!-- \/.pp-testimonials -->\n\t\t<h2>\n\t\t\tTransitional, short-term support\n\t\t<\/h2>\n\t\t\t<p><strong>El objetivo del programa es brindar alivio para las emergencias imprevistas que surgen para los receptores de trasplantes de \u00f3rganos s\u00f3lidos para los cuales se puede esperar que esta ayuda alivie la crisis.<\/strong>El programa responde r\u00e1pidamente a estas necesidades de emergencia que no se consideran de naturaleza m\u00e9dica pero que tienen un impacto directo en la supervivencia y la salud del receptor del trasplante, y ofrece apoyo de transici\u00f3n mientras se implementan los planes permanentes.<\/p>\t\t\n\t\t<h2>\n\t\t\tHow To Apply\n\t\t<\/h2>\n\t\t<h3>\n\t\t\tStep 1.\n\t\t\t\t\t\t\t\t\t\t\tConfirm Eligibility\n\t\t<\/h3>\n\t\t\t<ul><li>Be a Georgia resident<\/li><li>Be a solid organ transplant recipient<\/li><li>Show evidence of financial need<\/li><li>Provide evidence of working on a permanent solution to address the need<\/li><li>Have a need related to transplant<\/li><\/ul>\t\t\n\t\t<h3>\n\t\t\tStep 2.\n\t\t\t\t\t\t\t\t\t\t\tTalk to your social worker\n\t\t<\/h3>\n\t\t\t<p>Analice su necesidad con el trabajador social del centro de trasplantes.<\/p>\t\t\n\t\t<h3>\n\t\t\tStep 3.\n\t\t\t\t\t\t\t\t\t\t\tComplete Application\n\t\t<\/h3>\n\t\t\t<p>Submit a completed Emergency Financial Assistance application to your social worker, along with the documents to support the requested assistance. <strong><a href=\"#apply\">See Application Options for more details<\/a>.<\/strong><\/p>\t\t\n\t\t<h3>\n\t\t\tStep 4.\n\t\t\t\t\t\t\t\t\t\t\tReview\n\t\t<\/h3>\n\t\t\t<ul><li>Applications will be reviewed, once submitted and complete<\/li><li>Requesting social worker will be notified regarding the review decision within three business days<\/li><\/ul>\t\t\n\t\t<h3>\n\t\t\tStep 5.\n\t\t\t\t\t\t\t\t\t\t\tFunding Provided\n\t\t<\/h3>\n\t\t\t<p>Los cheques se emiten, se pagan al proveedor y se env\u00edan por correo a la casa del receptor del trasplante.<\/p>\t\t\n\t\t<h3>\n\t\t\tHave Questions?\n\t\t<\/h3>\n\t\t\t<p>We&#8217;re happy to answer any questions you have about our Emergency Assistance program.<\/p>\t\t\n\t\t\t<a href=\"tel:770-457-3796\" target=\"_self\" rel=\"noopener\">\n\t\t\t\t\t\tCall: 770-457-3796\t\t\t\t\t\n\t\t<\/a>\n\t\t\t<a href=\"mailto:GTF@gatransplant.org\" target=\"_self\" rel=\"noopener\">\n\t\t\t\t\t\tEmail: GTF@gatransplant.org\t\t\t\t\t\n\t\t<\/a>\n\t\t<h2>\n\t\t\tApplication Options\n\t\t<\/h2>\n\t\t<h3>\n\t\t\tOnline\n\t\t<\/h3>\n\t\t\t<p>Use our online form to submit your application. <em>Nota: Para acceder a la solicitud en l\u00ednea, necesitar\u00e1 una contrase\u00f1a proporcionada por su trabajador social del centro de trasplantes.<\/em><a href=\"https:\/\/gatransplant.blackbaudwp.com\/es\/our-programs\/financial-assistance-programs\/emergency-assistance\/emergency-assistance-application\/\">Aplica ya<\/a><\/p>\t\t\n\t\t<h3>\n\t\t\tTrabajador social\n\t\t<\/h3>\n\t\t\t<p><a href=\"https:\/\/gatransplant.org\/wp-content\/uploads\/2020\/10\/FINANCIAL-ASSISTANCE.pdf\" target=\"_blank\" rel=\"noopener\">Download<\/a>, print, and fill out your application. Once completed, submit it to your dialysis or transplant center social worker with the necessary documentation.<\/p>","protected":false},"excerpt":{"rendered":"<p>Brinda asistencia financiera para aliviar una situaci\u00f3n de crisis u ofrecer apoyo transitorio para necesidades de emergencia que no se consideran de naturaleza m\u00e9dica pero que tienen un impacto directo en la supervivencia y la salud del receptor del trasplante.<\/p>","protected":false},"author":43,"featured_media":7746,"parent":6840,"menu_order":19,"comment_status":"closed","ping_status":"closed","template":"","meta":{"_acf_changed":false,"_monsterinsights_skip_tracking":false,"_monsterinsights_sitenote_active":false,"_monsterinsights_sitenote_note":"","_monsterinsights_sitenote_category":0,"footnotes":""},"class_list":["post-6843","page","type-page","status-publish","has-post-thumbnail","hentry"],"acf":[],"aioseo_notices":[],"_links":{"self":[{"href":"https:\/\/gatransplant.blackbaudwp.com\/es\/wp-json\/wp\/v2\/pages\/6843","targetHints":{"allow":["GET"]}}],"collection":[{"href":"https:\/\/gatransplant.blackbaudwp.com\/es\/wp-json\/wp\/v2\/pages"}],"about":[{"href":"https:\/\/gatransplant.blackbaudwp.com\/es\/wp-json\/wp\/v2\/types\/page"}],"author":[{"embeddable":true,"href":"https:\/\/gatransplant.blackbaudwp.com\/es\/wp-json\/wp\/v2\/users\/43"}],"replies":[{"embeddable":true,"href":"https:\/\/gatransplant.blackbaudwp.com\/es\/wp-json\/wp\/v2\/comments?post=6843"}],"version-history":[{"count":5,"href":"https:\/\/gatransplant.blackbaudwp.com\/es\/wp-json\/wp\/v2\/pages\/6843\/revisions"}],"predecessor-version":[{"id":62355,"href":"https:\/\/gatransplant.blackbaudwp.com\/es\/wp-json\/wp\/v2\/pages\/6843\/revisions\/62355"}],"up":[{"embeddable":true,"href":"https:\/\/gatransplant.blackbaudwp.com\/es\/wp-json\/wp\/v2\/pages\/6840"}],"wp:featuredmedia":[{"embeddable":true,"href":"https:\/\/gatransplant.blackbaudwp.com\/es\/wp-json\/wp\/v2\/media\/7746"}],"wp:attachment":[{"href":"https:\/\/gatransplant.blackbaudwp.com\/es\/wp-json\/wp\/v2\/media?parent=6843"}],"curies":[{"name":"wp","href":"https:\/\/api.w.org\/{rel}","templated":true}]}}