{"id":6840,"date":"2020-06-22T17:37:26","date_gmt":"2020-06-22T21:37:26","guid":{"rendered":"https:\/\/gatransplant.org\/our-programs\/financial-assistance-programs\/"},"modified":"2025-09-07T14:25:51","modified_gmt":"2025-09-07T18:25:51","slug":"financial-assistance-programs","status":"publish","type":"page","link":"https:\/\/gatransplant.blackbaudwp.com\/es\/our-programs\/financial-assistance-programs\/","title":{"rendered":"Programas de asistencia financiera"},"content":{"rendered":"<h1>\n\t\t\tAsistencia financiera\n\t\t<\/h1>\n\t\t\t<p>GTF responde a las abrumadoras necesidades financieras relacionadas con el trasplante ofreciendo apoyo transitorio a corto plazo durante estos momentos cr\u00edticos.<\/p>\n\t\t<h2>\n\t\t\tLos pacientes de trasplantes y sus familias a menudo enfrentan abrumadoras necesidades financieras relacionadas con sus trasplantes.\n\t\t<\/h2>\n\t\t\t<p><strong>Our Financial Assistance Programs are available to applicants who have demonstrated an acute financial need related to their transplant &#8211; one that cannot be met through other resources.<\/strong>Todos los programas est\u00e1n limitados a los residentes de Georgia. Los programas atienden a receptores de trasplantes de \u00f3rganos s\u00f3lidos, candidatos incluidos en la lista de UNOS, pacientes de di\u00e1lisis que buscan un trasplante y donantes vivos. Los solicitantes pueden acceder a estos programas a trav\u00e9s de su trabajador social del centro de di\u00e1lisis o trasplante.<\/p>\t\t\n\t\t<h1>\n\t\t\tBrowse Our Programs\n\t\t<\/h1>\n\t\t<h2>\n\t\t\tEnriqueciendo vidas\n\t\t<\/h2>\n\t\t\t\t\t\t\t\t\t\t<p>My mentor helped me understand my feelings were normal. I could call her anytime and she always listened and understood. She didn&#8217;t tell me it would be okay like everyone else was doing. She knew she couldn&#8217;t promise that, but she had made it and that gave me hope. She became my lifeline to the possibility that things would get better for me too. I knew I wanted to do the same for someone else and become a GTF mentor.<\/p>\n\t\t\t\t\t\t\t\t\t<h3>-Leigh T<\/h3>\n\t\t\t\t\t\t\t\t\t\t\t\t\t<h4>Lung Transplant Recipient<\/h4>\n\t<!-- \/.pp-testimonials -->\n\t<a href=\"#\" id=\"trigger-\" role=\"button\" data-modal=\"\" data-node=\"\">\n\t\t\t\t\t<\/a>\n\t\t\t\t\t\tVista previa modal\n\t\t\t\t\t\t<iframe width=\"960\" height=\"715\" src=\"https:\/\/www.youtube.com\/embed\/W1BQR3vyjLc\" frameborder=\"0\" allow=\"accelerometer; autoplay; clipboard-write; encrypted-media; gyroscope; picture-in-picture\" allowfullscreen><\/iframe>\t\t\t\t\t\n\t<p>Video de descripci\u00f3n general de nuestros programas y servicios.<\/p>","protected":false},"excerpt":{"rendered":"<p>Financial Assistance GTF responds to overwhelming financial needs related to transplant by offering transitional, short-term support during these critical times. Transplant patients and their families often face overwhelming financial needs&hellip;<\/p>","protected":false},"author":43,"featured_media":0,"parent":6835,"menu_order":16,"comment_status":"closed","ping_status":"closed","template":"","meta":{"_acf_changed":false,"_monsterinsights_skip_tracking":false,"_monsterinsights_sitenote_active":false,"_monsterinsights_sitenote_note":"","_monsterinsights_sitenote_category":0,"footnotes":""},"class_list":["post-6840","page","type-page","status-publish","hentry"],"acf":[],"aioseo_notices":[],"_links":{"self":[{"href":"https:\/\/gatransplant.blackbaudwp.com\/es\/wp-json\/wp\/v2\/pages\/6840","targetHints":{"allow":["GET"]}}],"collection":[{"href":"https:\/\/gatransplant.blackbaudwp.com\/es\/wp-json\/wp\/v2\/pages"}],"about":[{"href":"https:\/\/gatransplant.blackbaudwp.com\/es\/wp-json\/wp\/v2\/types\/page"}],"author":[{"embeddable":true,"href":"https:\/\/gatransplant.blackbaudwp.com\/es\/wp-json\/wp\/v2\/users\/43"}],"replies":[{"embeddable":true,"href":"https:\/\/gatransplant.blackbaudwp.com\/es\/wp-json\/wp\/v2\/comments?post=6840"}],"version-history":[{"count":5,"href":"https:\/\/gatransplant.blackbaudwp.com\/es\/wp-json\/wp\/v2\/pages\/6840\/revisions"}],"predecessor-version":[{"id":62479,"href":"https:\/\/gatransplant.blackbaudwp.com\/es\/wp-json\/wp\/v2\/pages\/6840\/revisions\/62479"}],"up":[{"embeddable":true,"href":"https:\/\/gatransplant.blackbaudwp.com\/es\/wp-json\/wp\/v2\/pages\/6835"}],"wp:attachment":[{"href":"https:\/\/gatransplant.blackbaudwp.com\/es\/wp-json\/wp\/v2\/media?parent=6840"}],"curies":[{"name":"wp","href":"https:\/\/api.w.org\/{rel}","templated":true}]}}