{"id":6839,"date":"2020-06-22T17:36:55","date_gmt":"2020-06-22T21:36:55","guid":{"rendered":"https:\/\/gatransplant.org\/about-us\/"},"modified":"2025-08-13T14:46:12","modified_gmt":"2025-08-13T18:46:12","slug":"about-us","status":"publish","type":"page","link":"https:\/\/gatransplant.blackbaudwp.com\/es\/about-us\/","title":{"rendered":"Sobre nosotros"},"content":{"rendered":"<h1>\n\t\t\tSobre nosotros\n\t\t<\/h1>\n\t\t\t<p>A 501(c)(3) non-profit organization, our mission is to bridge the gap between hope and opportunity by educating and enriching the lives of those affected by organ transplant.<\/p>\t\t\n\t\t\t\t\t\t<h3>Nuestra Misi\u00f3n e Historia<\/h3>\t\t\t\t\t\n\t\t\t<p>Founded in August 1992 by Tommy Smith, a kidney transplant recipient, GTF is focused on providing financial, educational, and emotional assistance during a time that is often overwhelming for those undergoing or waiting for a transplant.<\/p>\n\t\t\t\t<a href=\"https:\/\/gatransplant.blackbaudwp.com\/es\/about-us\/our-mission-history\/\" role=\"button\" target=\"_self\" rel=\"noopener\">\n\t\t\t\t\t\t\t\t\t\tAprende m\u00e1s\n\t\t\t\t\t\t\t\t\t<\/a>\n\t\t\t\t\t\t<h3>Nuestro impacto en Georgia<\/h3>\t\t\t\t\t\n\t\t\t<p>With over $2.4 million distributed annually in financial assistance, GTF is the primary source for transplant patient assistance and support for all solid organ transplantation in the entire state of Georgia.<\/p>\n\t\t\t\t<a href=\"https:\/\/gatransplant.blackbaudwp.com\/es\/about-us\/our-impact\/\" role=\"button\" target=\"_self\" rel=\"noopener\">\n\t\t\t\t\t\t\t\t\t\tAprende m\u00e1s\n\t\t\t\t\t\t\t\t\t<\/a>\n\t\t<h1>\n\t\t\tBrowse NAME\n\t\t<\/h1>\n\t<meta itemscope itemprop=\"mainEntityOfPage\" itemtype=\"https:\/\/schema.org\/WebPage\" itemid=\"http:\/\/6909\" content=\"Our Staff\" \/><meta itemprop=\"datePublished\" content=\"2020-06-22\" \/><meta itemprop=\"dateModified\" content=\"2023-11-28\" \/><meta itemprop=\"name\" content=\"Georgia Transplant Foundation\"\/><meta itemprop=\"url\" content=\"https:\/\/gatransplant.blackbaudwp.com\/author\/aharris\/\" \/><meta itemprop=\"name\" content=\"aharris\" \/><meta itemprop=\"url\" content=\"https:\/\/gatransplant.blackbaudwp.com\/wp-content\/uploads\/2020\/09\/staff-1.jpg\" \/><meta itemprop=\"width\" content=\"2048\" \/><meta itemprop=\"height\" content=\"1536\" \/><meta itemprop=\"interactionType\" content=\"https:\/\/schema.org\/CommentAction\" \/><meta itemprop=\"userInteractionCount\" content=\"0\" \/>\n    <a href=\"https:\/\/gatransplant.blackbaudwp.com\/es\/about-us\/our-staff\/\"><\/a>\n            Jun 22, 2020\n            August 13 @ 2:46 pm\n        <h4>Nuestro equipo<\/h4>\n            <p>\u00a1Conozca al personal de GTF!<\/p>\nmore\n\t<meta itemscope itemprop=\"mainEntityOfPage\" itemtype=\"https:\/\/schema.org\/WebPage\" itemid=\"http:\/\/6908\" content=\"Board of Directors\" \/><meta itemprop=\"datePublished\" content=\"2020-06-22\" \/><meta itemprop=\"dateModified\" content=\"2023-12-09\" \/><meta itemprop=\"name\" content=\"Georgia Transplant Foundation\"\/><meta itemprop=\"url\" content=\"https:\/\/gatransplant.blackbaudwp.com\/author\/aharris\/\" \/><meta itemprop=\"name\" content=\"aharris\" \/><meta itemprop=\"url\" content=\"https:\/\/gatransplant.blackbaudwp.com\/wp-content\/uploads\/2020\/09\/board-directors-11.jpg\" \/><meta itemprop=\"width\" content=\"2000\" \/><meta itemprop=\"height\" content=\"1334\" \/><meta itemprop=\"interactionType\" content=\"https:\/\/schema.org\/CommentAction\" \/><meta itemprop=\"userInteractionCount\" content=\"0\" \/>\n    <a href=\"https:\/\/gatransplant.blackbaudwp.com\/es\/about-us\/board-of-directors\/\"><\/a>\n            Jun 22, 2020\n            August 13 @ 2:46 pm\n        <h4>Junta Directiva<\/h4>\n            <p>Nuestra junta incluye profesionales m\u00e9dicos dedicados, l\u00edderes empresariales, receptores de trasplantes y voluntarios de la comunidad que trabajan juntos para mejorar la calidad de vida de los afectados por el trasplante.<\/p>\nmore\n\t<meta itemscope itemprop=\"mainEntityOfPage\" itemtype=\"https:\/\/schema.org\/WebPage\" itemid=\"http:\/\/6910\" content=\"Contact Us\" \/><meta itemprop=\"datePublished\" content=\"2020-06-22\" \/><meta itemprop=\"dateModified\" content=\"2025-08-13\" \/><meta itemprop=\"name\" content=\"Georgia Transplant Foundation\"\/><meta itemprop=\"url\" content=\"https:\/\/gatransplant.blackbaudwp.com\/author\/aharris\/\" \/><meta itemprop=\"name\" content=\"aharris\" \/><meta itemprop=\"url\" content=\"https:\/\/gatransplant.blackbaudwp.com\/wp-content\/uploads\/2020\/09\/holding-hands-11.jpg\" \/><meta itemprop=\"width\" content=\"1900\" \/><meta itemprop=\"height\" content=\"1246\" \/><meta itemprop=\"interactionType\" content=\"https:\/\/schema.org\/CommentAction\" \/><meta itemprop=\"userInteractionCount\" content=\"0\" \/>\n    <a href=\"https:\/\/gatransplant.blackbaudwp.com\/es\/about-us\/contact-us\/\"><\/a>\n            Jun 22, 2020\n            August 13 @ 2:46 pm\n        <h4>Cont\u00e1ctenos<\/h4>\n            <p>Si desea comunicarse con nosotros, complete el formulario en esta p\u00e1gina. La persona adecuada se comunicar\u00e1 con usted lo antes posible.<\/p>\nmore\n\t<meta itemscope itemprop=\"mainEntityOfPage\" itemtype=\"https:\/\/schema.org\/WebPage\" itemid=\"http:\/\/6913\" content=\"Resources &#038; Documents\" \/><meta itemprop=\"datePublished\" content=\"2020-06-22\" \/><meta itemprop=\"dateModified\" content=\"2025-08-13\" \/><meta itemprop=\"name\" content=\"Georgia Transplant Foundation\"\/><meta itemprop=\"url\" content=\"https:\/\/gatransplant.blackbaudwp.com\/author\/aharris\/\" \/><meta itemprop=\"name\" content=\"aharris\" \/><meta itemprop=\"url\" content=\"https:\/\/gatransplant.blackbaudwp.com\/wp-content\/uploads\/2020\/09\/resources-1.jpg\" \/><meta itemprop=\"width\" content=\"611\" \/><meta itemprop=\"height\" content=\"800\" \/><meta itemprop=\"interactionType\" content=\"https:\/\/schema.org\/CommentAction\" \/><meta itemprop=\"userInteractionCount\" content=\"0\" \/>\n    <a href=\"https:\/\/gatransplant.blackbaudwp.com\/es\/about-us\/resources-documents\/\"><\/a>\n            Jun 22, 2020\n            August 13 @ 2:46 pm\n        <h4>Recursos y documentos<\/h4>\n            <p>Aplicaciones, pautas y otros recursos relacionados con nuestros programas.<\/p>\nmore\n\t<meta itemscope itemprop=\"mainEntityOfPage\" itemtype=\"https:\/\/schema.org\/WebPage\" itemid=\"http:\/\/6912\" content=\"Reports &#038; Financials\" \/><meta itemprop=\"datePublished\" content=\"2020-06-22\" \/><meta itemprop=\"dateModified\" content=\"2023-02-09\" \/><meta itemprop=\"name\" content=\"Georgia Transplant Foundation\"\/><meta itemprop=\"url\" content=\"https:\/\/gatransplant.blackbaudwp.com\/author\/aharris\/\" \/><meta itemprop=\"name\" content=\"aharris\" \/><meta itemprop=\"url\" content=\"https:\/\/gatransplant.blackbaudwp.com\/wp-content\/uploads\/2020\/12\/Resources-scaled.jpg\" \/><meta itemprop=\"width\" content=\"2048\" \/><meta itemprop=\"height\" content=\"1024\" \/><meta itemprop=\"interactionType\" content=\"https:\/\/schema.org\/CommentAction\" \/><meta itemprop=\"userInteractionCount\" content=\"0\" \/>\n    <a href=\"https:\/\/gatransplant.blackbaudwp.com\/es\/about-us\/reports-financials\/\"><\/a>\n            Jun 22, 2020\n            August 13 @ 2:46 pm\n        <h4>Informes y finanzas<\/h4>\n            <p>Descubra c\u00f3mo la Georgia Transplant Foundation pone su dinero a trabajar enriqueciendo vidas y reduciendo la brecha entre la esperanza y la oportunidad.<\/p>\nmore\n\t<meta itemscope itemprop=\"mainEntityOfPage\" itemtype=\"https:\/\/schema.org\/WebPage\" itemid=\"http:\/\/6911\" content=\"Imprint Magazine\" \/><meta itemprop=\"datePublished\" content=\"2020-06-22\" \/><meta itemprop=\"dateModified\" content=\"2022-02-25\" \/><meta itemprop=\"name\" content=\"Georgia Transplant Foundation\"\/><meta itemprop=\"url\" content=\"https:\/\/gatransplant.blackbaudwp.com\/author\/aharris\/\" \/><meta itemprop=\"name\" content=\"aharris\" \/><meta itemprop=\"url\" content=\"https:\/\/gatransplant.blackbaudwp.com\/wp-content\/uploads\/2020\/10\/imprint-mag-cover-1.jpg\" \/><meta itemprop=\"width\" content=\"1000\" \/><meta itemprop=\"height\" content=\"734\" \/><meta itemprop=\"interactionType\" content=\"https:\/\/schema.org\/CommentAction\" \/><meta itemprop=\"userInteractionCount\" content=\"0\" \/>\n    <a href=\"https:\/\/gatransplant.blackbaudwp.com\/es\/about-us\/imprint-magazine\/\"><\/a>\n            Jun 22, 2020\n            August 13 @ 2:46 pm\n        <h4>Revista Imprint<\/h4>\n            <p>Imprint Magazine se publica dos veces al a\u00f1o y se distribuye a m\u00e1s de 28.000 candidatos, receptores, donantes vivos y otros miembros de la comunidad de trasplantes de Georgia.<\/p>\nmore\n\t\t<!-- .pp-content-posts -->\n\t\t<h2>\n\t\t\tEnriqueciendo vidas\n\t\t<\/h2>\n\t\t\t\t\t\t\t\t\t\t<p>Al donarme su ri\u00f1\u00f3n en 2002, mi prima Pam me dio una extensi\u00f3n de mi vida. Tuve la suerte de tener seguro m\u00e9dico, pero no todos tienen las mismas posibilidades. GTF ayuda a los menos afortunados con los gastos relacionados con el trasplante y los fondos recaudados ofrecen a los dem\u00e1s la misma oportunidad que yo tuve.<\/p>\n\t\t\t\t\t\t\t\t\t<h3>&#8211; Melissa C<\/h3>\n\t\t\t\t\t\t\t\t\t\t\t\t\t<h4>Kidney Transplant Recipient<\/h4>\n\t<!-- \/.pp-testimonials -->\n\t<a href=\"#\" id=\"trigger-\" role=\"button\" data-modal=\"\" data-node=\"\">\n\t\t\t\t\t<\/a>\n\t\t\t\t\t\tVista previa modal\n\t\t\t\t\t\t<iframe width=\"960\" height=\"715\" src=\"https:\/\/www.youtube.com\/embed\/Qi-a-HVDM-4?si=zvNDWC4RN5Llm4MS\" frameborder=\"0\" allow=\"accelerometer; autoplay; clipboard-write; encrypted-media; gyroscope; picture-in-picture\" allowfullscreen><\/iframe>\t\t\t\t\t\n\t<p>Descripci\u00f3n general de la misi\u00f3n, los programas y los servicios de la Fundaci\u00f3n.<\/p>","protected":false},"excerpt":{"rendered":"<p>About Us A 501(c)(3) non-profit organization, our mission is to bridge the gap between hope and opportunity by educating and enriching the lives of those affected by organ transplant. Our&hellip;<\/p>","protected":false},"author":43,"featured_media":0,"parent":0,"menu_order":15,"comment_status":"closed","ping_status":"closed","template":"","meta":{"_acf_changed":false,"_monsterinsights_skip_tracking":false,"_monsterinsights_sitenote_active":false,"_monsterinsights_sitenote_note":"","_monsterinsights_sitenote_category":0,"footnotes":""},"class_list":["post-6839","page","type-page","status-publish","hentry"],"acf":[],"aioseo_notices":[],"_links":{"self":[{"href":"https:\/\/gatransplant.blackbaudwp.com\/es\/wp-json\/wp\/v2\/pages\/6839","targetHints":{"allow":["GET"]}}],"collection":[{"href":"https:\/\/gatransplant.blackbaudwp.com\/es\/wp-json\/wp\/v2\/pages"}],"about":[{"href":"https:\/\/gatransplant.blackbaudwp.com\/es\/wp-json\/wp\/v2\/types\/page"}],"author":[{"embeddable":true,"href":"https:\/\/gatransplant.blackbaudwp.com\/es\/wp-json\/wp\/v2\/users\/43"}],"replies":[{"embeddable":true,"href":"https:\/\/gatransplant.blackbaudwp.com\/es\/wp-json\/wp\/v2\/comments?post=6839"}],"version-history":[{"count":5,"href":"https:\/\/gatransplant.blackbaudwp.com\/es\/wp-json\/wp\/v2\/pages\/6839\/revisions"}],"predecessor-version":[{"id":62392,"href":"https:\/\/gatransplant.blackbaudwp.com\/es\/wp-json\/wp\/v2\/pages\/6839\/revisions\/62392"}],"wp:attachment":[{"href":"https:\/\/gatransplant.blackbaudwp.com\/es\/wp-json\/wp\/v2\/media?parent=6839"}],"curies":[{"name":"wp","href":"https:\/\/api.w.org\/{rel}","templated":true}]}}