{"id":6838,"date":"2020-06-22T17:36:55","date_gmt":"2020-06-22T21:36:55","guid":{"rendered":"https:\/\/gatransplant.org\/giving\/"},"modified":"2025-08-13T15:52:04","modified_gmt":"2025-08-13T19:52:04","slug":"giving","status":"publish","type":"page","link":"https:\/\/gatransplant.blackbaudwp.com\/es\/giving\/","title":{"rendered":"Dando"},"content":{"rendered":"<h1>\n\t\t\tDando\n\t\t<\/h1>\n\t\t\t<p>Ya sea que sea un individuo o una empresa, su apoyo ayuda a marcar la diferencia en las vidas de tantos pacientes pedi\u00e1tricos y adultos que necesitan trasplantes.<\/p>\t\t\n\t\t<h2>\n\t\t\t\u00a1Gracias por su apoyo a la Georgia Transplant Foundation y por ayudarnos a Enrich Lives Everyday!\n\t\t<\/h2>\n\t\t\t<p>GTF garantiza que todos los candidatos y receptores de trasplantes est\u00e9n preparados para lograr los siguientes resultados:<ul><li>Mayor preparaci\u00f3n para el trasplante mediante la planificaci\u00f3n financiera y la educaci\u00f3n sanitaria.<\/li><li>Mayor apoyo emocional antes y despu\u00e9s del trasplante a trav\u00e9s de educaci\u00f3n continua, tutor\u00eda positiva y planificaci\u00f3n de vida adecuada.<\/li><li>Mayor autosuficiencia despu\u00e9s del trasplante como resultado de recibir capacitaci\u00f3n laboral adecuada y colocaci\u00f3n laboral.<\/li><\/ul>Your generosity makes it possible to bridge the gap between hope and opportunity. Give in a way that is comfortable for you and start enriching lives today.<\/p>\t\t\n\t\t\t\t\t\t<h3>Haz una donaci\u00f3n<\/h3>\t\t\t\t\t\n\t\t\t<p>Hacer una\u00a0<strong>one-time donation<\/strong>\u00a0or a\u00a0<strong>reoccurring monthly donation<\/strong>.<\/p>\t\t\n\t\t\t\t<a href=\"https:\/\/support.gatransplant.org\/\" role=\"button\" target=\"_blank\" rel=\"noopener\">\n\t\t\t\t\t\t\t\t\t\tDone ahora\n\t\t\t\t\t\t\t\t\t<\/a>\n\t\t\t\t\t\t<h3>Donaciones de empleados<\/h3>\t\t\t\t\t\n\t\t\t<p>Encourage giving through<strong> payroll deductions <\/strong>y<strong>\u00a0matching gifts<\/strong>.<\/p>\t\t\n\t\t\t\t<a href=\"https:\/\/gatransplant.blackbaudwp.com\/es\/giving\/employee-giving\/\" role=\"button\" target=\"_self\" rel=\"noopener\">\n\t\t\t\t\t\t\t\t\t\tAprende m\u00e1s\n\t\t\t\t\t\t\t\t\t<\/a>\n\t\t\t\t\t\t<h3>Donaci\u00f3n tributo<\/h3>\t\t\t\t\t\n\t\t\t<p>Honra a un ser querido con\u00a0<strong>una donaci\u00f3n en su nombre, o crear un recuerdo conmemorativo duradero<\/strong>\u00a0in honor of a loved one.<\/p>\t\t\n\t\t\t\t<a href=\"https:\/\/support.gatransplant.org\/\" role=\"button\" target=\"_blank\" rel=\"noopener\">\n\t\t\t\t\t\t\t\t\t\tDonar en honor o en memoria\n\t\t\t\t\t\t\t\t\t<\/a>\n\t\t<h1>\n\t\t\tOther giving options\n\t\t<\/h1>\n\t<meta itemscope itemprop=\"mainEntityOfPage\" itemtype=\"https:\/\/schema.org\/WebPage\" itemid=\"http:\/\/6900\" content=\"In-Kind Donations\" \/><meta itemprop=\"datePublished\" content=\"2020-06-22\" \/><meta itemprop=\"dateModified\" content=\"2025-08-13\" \/><meta itemprop=\"name\" content=\"Georgia Transplant Foundation\"\/><meta itemprop=\"url\" content=\"https:\/\/gatransplant.blackbaudwp.com\/author\/aharris\/\" \/><meta itemprop=\"name\" content=\"aharris\" \/><meta itemprop=\"url\" content=\"https:\/\/gatransplant.blackbaudwp.com\/wp-content\/uploads\/2022\/09\/Homepage-scaled.jpg\" \/><meta itemprop=\"width\" content=\"2048\" \/><meta itemprop=\"height\" content=\"1160\" \/><meta itemprop=\"interactionType\" content=\"https:\/\/schema.org\/CommentAction\" \/><meta itemprop=\"userInteractionCount\" content=\"0\" \/>\n    <a href=\"https:\/\/gatransplant.blackbaudwp.com\/es\/giving\/in-kind-donations\/\"><\/a>\n            Jun 22, 2020\n            August 13 @ 3:52 pm\n        <h4>Donaciones en especie<\/h4>\n            <p>In addition to financial support, the Georgia Transplant Foundation gladly accepts in-kind donations.<\/p>\nmore\n\t<meta itemscope itemprop=\"mainEntityOfPage\" itemtype=\"https:\/\/schema.org\/WebPage\" itemid=\"http:\/\/8821\" content=\"Donate in Crypto\" \/><meta itemprop=\"datePublished\" content=\"2021-12-16\" \/><meta itemprop=\"dateModified\" content=\"2025-08-13\" \/><meta itemprop=\"name\" content=\"Georgia Transplant Foundation\"\/><meta itemprop=\"url\" content=\"https:\/\/gatransplant.blackbaudwp.com\/author\/rmichaels\/\" \/><meta itemprop=\"name\" content=\"Rita Michaels\" \/><meta itemprop=\"url\" content=\"https:\/\/gatransplant.blackbaudwp.com\/wp-content\/uploads\/2021\/12\/stock.jpeg\" \/><meta itemprop=\"width\" content=\"612\" \/><meta itemprop=\"height\" content=\"354\" \/><meta itemprop=\"interactionType\" content=\"https:\/\/schema.org\/CommentAction\" \/><meta itemprop=\"userInteractionCount\" content=\"0\" \/>\n    <a href=\"https:\/\/gatransplant.blackbaudwp.com\/es\/giving\/crypto\/\"><\/a>\n            Dec 16, 2021\n            August 13 @ 3:52 pm\n        <h4>Donate in Crypto<\/h4>\n            <p>Your generous support via Cryptocurrency will ensure that transplant patients and their families have access to the vital programs and services.<\/p>\nmore\n\t\t<!-- .pp-content-posts -->\n\t\t<h2>\n\t\t\tEnriqueciendo vidas\n\t\t<\/h2>\n\t\t\t\t\t\t\t\t\t\t<p>People don&#8217;t realize not only the surgery cost but also the after care costs of the actual transplant, which can run in the upwards of $250,000 to $1 million if you don&#8217;t have insurance. And, there&#8217;s the costly mandatory medications, eating well, care at home, etc. That&#8217;s were fundraising is needed, to help support recipients after their transplant. And, that is why we give and why our daughter is also now so proud to give back to GTF as well.<\/p>\n\t\t\t\t\t\t\t\t\t<h3>&#8211; Mina Y<\/h3>\n\t\t\t\t\t\t\t\t\t\t\t\t\t<h4>Pediatric Liver Transplant Recipient Parent<\/h4>\n\t<!-- \/.pp-testimonials -->\n\t<a href=\"#\" id=\"trigger-\" role=\"button\" data-modal=\"\" data-node=\"\">\n\t\t\t\t\t<\/a>\n\t\t\t\t\t\tVista previa modal\n\t\t\t\t\t\t<iframe width=\"960\" height=\"715\" src=\"https:\/\/www.youtube.com\/embed\/goWbkkuAzaQ?si=V9H8u7x1SZK5vsXV\" frameborder=\"0\" allow=\"accelerometer; autoplay; clipboard-write; encrypted-media; gyroscope; picture-in-picture\" allowfullscreen><\/iframe>\t\t\t\t\t\n\t<p>C\u00f3mo ayud\u00f3 GTF a Maddie<\/p>","protected":false},"excerpt":{"rendered":"<p>Giving Whether you are an individual or a company, your support helps make a difference in the lives of so many needy pediatric and adult transplant patients. Thank you for&hellip;<\/p>","protected":false},"author":43,"featured_media":0,"parent":0,"menu_order":14,"comment_status":"closed","ping_status":"closed","template":"","meta":{"_acf_changed":false,"_monsterinsights_skip_tracking":false,"_monsterinsights_sitenote_active":false,"_monsterinsights_sitenote_note":"","_monsterinsights_sitenote_category":0,"footnotes":""},"class_list":["post-6838","page","type-page","status-publish","hentry"],"acf":[],"aioseo_notices":[],"_links":{"self":[{"href":"https:\/\/gatransplant.blackbaudwp.com\/es\/wp-json\/wp\/v2\/pages\/6838","targetHints":{"allow":["GET"]}}],"collection":[{"href":"https:\/\/gatransplant.blackbaudwp.com\/es\/wp-json\/wp\/v2\/pages"}],"about":[{"href":"https:\/\/gatransplant.blackbaudwp.com\/es\/wp-json\/wp\/v2\/types\/page"}],"author":[{"embeddable":true,"href":"https:\/\/gatransplant.blackbaudwp.com\/es\/wp-json\/wp\/v2\/users\/43"}],"replies":[{"embeddable":true,"href":"https:\/\/gatransplant.blackbaudwp.com\/es\/wp-json\/wp\/v2\/comments?post=6838"}],"version-history":[{"count":5,"href":"https:\/\/gatransplant.blackbaudwp.com\/es\/wp-json\/wp\/v2\/pages\/6838\/revisions"}],"predecessor-version":[{"id":62414,"href":"https:\/\/gatransplant.blackbaudwp.com\/es\/wp-json\/wp\/v2\/pages\/6838\/revisions\/62414"}],"wp:attachment":[{"href":"https:\/\/gatransplant.blackbaudwp.com\/es\/wp-json\/wp\/v2\/media?parent=6838"}],"curies":[{"name":"wp","href":"https:\/\/api.w.org\/{rel}","templated":true}]}}