{"id":6837,"date":"2020-06-22T17:36:55","date_gmt":"2020-06-22T21:36:55","guid":{"rendered":"https:\/\/gatransplant.org\/get-involved\/"},"modified":"2025-08-13T15:14:17","modified_gmt":"2025-08-13T19:14:17","slug":"get-involved","status":"publish","type":"page","link":"https:\/\/gatransplant.blackbaudwp.com\/es\/get-involved\/","title":{"rendered":"Involucrarse"},"content":{"rendered":"<h1>\n\t\t\tInvolucrarse\n\t\t<\/h1>\n\t\t\t<p>Ya sea que desee ofrecer su tiempo como voluntario en uno de nuestros eventos especiales, conferencias educativas o organizando un evento y donando las ganancias a GTF, la comunidad de trasplantes de \u00f3rganos de Georgia necesita su ayuda.<\/p>\t\t\n\t\t<h2>\n\t\t\tHow Can I Help?\n\t\t<\/h2>\n\t\t\t<p>GTF needs people of all ages and backgrounds to help. Your time and dedication have a real impact on the lives of Georgia&#8217;s transplant community.<\/p>\t\t\n\t\t\t\t\t\t<h3>Convi\u00e9rtete en un grupo de socios comunitarios<\/h3>\t\t\t\t\t\n\t\t\t<p>Los grupos de socios tienen la oportunidad \u00fanica de trabajar en sus propias comunidades al\u00a0<strong>creando sus propios eventos para recaudar fondos y concienciar<\/strong>\u00a0para GTF y los diversos servicios que brinda la Fundaci\u00f3n.<\/p>\t\t\n\t\t\t\t<a href=\"#\" role=\"button\" target=\"_self\" rel=\"noopener\">\n\t\t\t\t\t\t\t\t\t\tAprende m\u00e1s\n\t\t\t\t\t\t\t\t\t<\/a>\n\t\t\t\t\t\t<h3>Convi\u00e9rtete en patrocinador<\/h3>\t\t\t\t\t\n\t\t\t<p>Los patrocinios son una\u00a0<strong>excelente oportunidad de marketing<\/strong>\u00a0que le permitan obtener m\u00e1s exposici\u00f3n para usted y su empresa lo que generar\u00e1 contactos m\u00e1s calificados.<\/p>\n\t\t\t\t<a href=\"#\" role=\"button\" target=\"_self\" rel=\"noopener\">\n\t\t\t\t\t\t\t\t\t\tAprende m\u00e1s\n\t\t\t\t\t\t\t\t\t<\/a>\n\t\t<h1>\n\t\t\tOther Ways to Get Involved\n\t\t<\/h1>\n\t<meta itemscope itemprop=\"mainEntityOfPage\" itemtype=\"https:\/\/schema.org\/WebPage\" itemid=\"http:\/\/8075\" content=\"Become a Mentor\" \/><meta itemprop=\"datePublished\" content=\"2020-12-11\" \/><meta itemprop=\"dateModified\" content=\"2020-12-17\" \/><meta itemprop=\"name\" content=\"Georgia Transplant Foundation\"\/><meta itemprop=\"url\" content=\"https:\/\/gatransplant.blackbaudwp.com\/author\/rmichaels\/\" \/><meta itemprop=\"name\" content=\"Rita Michaels\" \/><meta itemprop=\"url\" content=\"https:\/\/gatransplant.blackbaudwp.com\/wp-content\/uploads\/2020\/12\/Become-a-mentor-scaled.jpg\" \/><meta itemprop=\"width\" content=\"2048\" \/><meta itemprop=\"height\" content=\"1365\" \/><meta itemprop=\"interactionType\" content=\"https:\/\/schema.org\/CommentAction\" \/><meta itemprop=\"userInteractionCount\" content=\"0\" \/>\n    <a href=\"https:\/\/gatransplant.blackbaudwp.com\/es\/get-involved\/become-a-mentor\/\"><\/a>\n            Dec 11, 2020\n            August 13 @ 3:14 pm\n        <h4>Convi\u00e9rtete en mentor<\/h4>\n            <p>El Proyecto Mentor proporciona un contacto personal entre las personas que viven con \u00e9xito con un trasplante y las personas que son nuevas o se est\u00e1n adaptando al mundo del trasplante.<\/p>\nmore\n\t<meta itemscope itemprop=\"mainEntityOfPage\" itemtype=\"https:\/\/schema.org\/WebPage\" itemid=\"http:\/\/6889\" content=\"Volunteer\" \/><meta itemprop=\"datePublished\" content=\"2020-06-22\" \/><meta itemprop=\"dateModified\" content=\"2020-12-17\" \/><meta itemprop=\"name\" content=\"Georgia Transplant Foundation\"\/><meta itemprop=\"url\" content=\"https:\/\/gatransplant.blackbaudwp.com\/author\/aharris\/\" \/><meta itemprop=\"name\" content=\"aharris\" \/><meta itemprop=\"url\" content=\"https:\/\/gatransplant.blackbaudwp.com\/wp-content\/uploads\/2018\/09\/iStock_000042678358_Medium.jpg\" \/><meta itemprop=\"width\" content=\"1400\" \/><meta itemprop=\"height\" content=\"933\" \/><meta itemprop=\"interactionType\" content=\"https:\/\/schema.org\/CommentAction\" \/><meta itemprop=\"userInteractionCount\" content=\"0\" \/>\n    <a href=\"https:\/\/gatransplant.blackbaudwp.com\/es\/get-involved\/volunteer\/\"><\/a>\n            Jun 22, 2020\n            August 13 @ 3:14 pm\n        <h4>Voluntario<\/h4>\n            <p>\u00a1GTF necesita que personas de todas las edades y procedencias le echen una mano!<\/p>\nmore\n\t<meta itemscope itemprop=\"mainEntityOfPage\" itemtype=\"https:\/\/schema.org\/WebPage\" itemid=\"http:\/\/6836\" content=\"Our Events\" \/><meta itemprop=\"datePublished\" content=\"2020-06-22\" \/><meta itemprop=\"dateModified\" content=\"2024-02-08\" \/><meta itemprop=\"name\" content=\"Georgia Transplant Foundation\"\/><meta itemprop=\"url\" content=\"https:\/\/gatransplant.blackbaudwp.com\/author\/aharris\/\" \/><meta itemprop=\"name\" content=\"aharris\" \/><meta itemprop=\"interactionType\" content=\"https:\/\/schema.org\/CommentAction\" \/><meta itemprop=\"userInteractionCount\" content=\"0\" \/>\n    <a href=\"https:\/\/gatransplant.blackbaudwp.com\/es\/our-events\/\"><\/a>\n            Jun 22, 2020\n            August 13 @ 3:14 pm\n        <h4>Nuestros Eventos<\/h4>\n            <p>Events &#038; Happenings Georgia Transplant Foundation, in an effort to diversify funding and raise awareness, regularly holds special events in addition to our patient support events. All members of the&#8230;<\/p>\nmore\n\t\t<!-- .pp-content-posts -->\n\t\t<h2>\n\t\t\tEnriqueciendo vidas\n\t\t<\/h2>\n\t\t\t\t\t\t\t\t\t\t<p>GTF apoya a mis pacientes de trasplantes de formas m\u00e1s all\u00e1 de lo que los hospitales pueden hacer. Los servicios de GTF ayudan a los pacientes a obtener medicamentos esenciales y a mantener un trasplante exitoso. Por esta raz\u00f3n, sigo apoyando a GTF y los programas que ofrece.<\/p>\n\t\t\t\t\t\t\t\t\t<h3>- Andy Smith, m\u00e9dico<\/h3>\n\t\t\t\t\t\t\t\t\t\t\t\t\t<h4>Ex presidente de la junta y m\u00e9dico de trasplantes<\/h4>\n\t<!-- \/.pp-testimonials -->\n\t<a href=\"#\" id=\"trigger-\" role=\"button\" data-modal=\"\" data-node=\"\">\n\t\t\t\t\t<\/a>\n\t\t\t\t\t\tVista previa modal\n\t\t\t\t\t\t<iframe width=\"960\" height=\"715\" src=\"https:\/\/www.youtube.com\/embed\/goWbkkuAzaQ\" frameborder=\"0\" allow=\"accelerometer; autoplay; clipboard-write; encrypted-media; gyroscope; picture-in-picture\" allowfullscreen><\/iframe>\t\t\t\t\t\n\t<p>Descripci\u00f3n general en video de c\u00f3mo puede ayudar GTF<\/p>","protected":false},"excerpt":{"rendered":"<p>Get Involved Whether you want volunteer your time at one of our special events, educational conferences, or by hosting an event and donating the proceeds back to GTF, Georgia&#8217;s organ&hellip;<\/p>","protected":false},"author":43,"featured_media":0,"parent":0,"menu_order":13,"comment_status":"closed","ping_status":"closed","template":"","meta":{"_acf_changed":false,"_monsterinsights_skip_tracking":false,"_monsterinsights_sitenote_active":false,"_monsterinsights_sitenote_note":"","_monsterinsights_sitenote_category":0,"footnotes":""},"class_list":["post-6837","page","type-page","status-publish","hentry"],"acf":[],"aioseo_notices":[],"_links":{"self":[{"href":"https:\/\/gatransplant.blackbaudwp.com\/es\/wp-json\/wp\/v2\/pages\/6837","targetHints":{"allow":["GET"]}}],"collection":[{"href":"https:\/\/gatransplant.blackbaudwp.com\/es\/wp-json\/wp\/v2\/pages"}],"about":[{"href":"https:\/\/gatransplant.blackbaudwp.com\/es\/wp-json\/wp\/v2\/types\/page"}],"author":[{"embeddable":true,"href":"https:\/\/gatransplant.blackbaudwp.com\/es\/wp-json\/wp\/v2\/users\/43"}],"replies":[{"embeddable":true,"href":"https:\/\/gatransplant.blackbaudwp.com\/es\/wp-json\/wp\/v2\/comments?post=6837"}],"version-history":[{"count":5,"href":"https:\/\/gatransplant.blackbaudwp.com\/es\/wp-json\/wp\/v2\/pages\/6837\/revisions"}],"predecessor-version":[{"id":62406,"href":"https:\/\/gatransplant.blackbaudwp.com\/es\/wp-json\/wp\/v2\/pages\/6837\/revisions\/62406"}],"wp:attachment":[{"href":"https:\/\/gatransplant.blackbaudwp.com\/es\/wp-json\/wp\/v2\/media?parent=6837"}],"curies":[{"name":"wp","href":"https:\/\/api.w.org\/{rel}","templated":true}]}}