{"id":6835,"date":"2020-06-22T17:36:55","date_gmt":"2020-06-22T21:36:55","guid":{"rendered":"https:\/\/gatransplant.org\/our-programs\/"},"modified":"2025-10-02T14:22:06","modified_gmt":"2025-10-02T18:22:06","slug":"our-programs","status":"publish","type":"page","link":"https:\/\/gatransplant.blackbaudwp.com\/es\/our-programs\/","title":{"rendered":"Nuestros programas"},"content":{"rendered":"<h1>\n\t\t\tNuestros programas\n\t\t<\/h1>\n\t\t\t<p>Georgia Transplant Foundation ofrece una gama completa de programas y servicios para ayudar a los pacientes de trasplantes y sus familias en todas las etapas de su proceso de trasplante.<\/p>\t\t\n\t\t<h2>\n\t\t\tVivir vidas m\u00e1s largas y saludables\n\t\t<\/h2>\n\t\t\t<p>Thanks to GTF services, more people in Georgia are living longer with transplanted organs and are resuming healthy, productive lives. As Georgia&#8217;s organ transplant population continues to increase, <strong>GTF sigue siendo la \u00fanica organizaci\u00f3n que brinda asistencia cr\u00edtica no m\u00e9dica.<\/strong><\/p>\t\t\n\t\t\t\t\t\t<h3>Programas de asistencia financiera<\/h3>\t\t\t\t\t\n\t\t\t<p>Estos programas ofrecen <strong>transicional,<\/strong> <strong>soporte a corto plazo<\/strong> a las personas y familias afectadas por el trasplante.<\/p>\t\t\n\t\t\t\t<a href=\"https:\/\/gatransplant.blackbaudwp.com\/es\/our-programs\/financial-assistance-programs\/\" role=\"button\" target=\"_self\">\n\t\t\t\t\t\t\t\t\t\tAprende m\u00e1s\n\t\t\t\t\t\t\t\t\t<\/a>\n\t\t\t\t\t\t<h3>Programa de recaudaci\u00f3n de fondos para trasplantes (TFP)<\/h3>\t\t\t\t\t\n\t\t\t<p>Este programa ayuda a los candidatos y receptores de trasplantes a prepararse financieramente para el <strong>costos de trasplante, espec\u00edficamente gastos de medicamentos recetados y primas de seguro.<\/strong><\/p>\t\t\n\t\t\t\t<a href=\"https:\/\/gatransplant.blackbaudwp.com\/es\/our-programs\/transplant-fundraising-program\/\" role=\"button\" target=\"_self\">\n\t\t\t\t\t\t\t\t\t\tAprende m\u00e1s\n\t\t\t\t\t\t\t\t\t<\/a>\n\t\t\t\t\t\t<h3>Programas comunitarios y educativos<\/h3>\t\t\t\t\t\n\t\t\t<p>Programas y servicios de apoyo orientados a <strong>educar y apoyar a la comunidad<\/strong> afectados por el trasplante.<\/p>\t\t\n\t\t\t\t<a href=\"https:\/\/gatransplant.blackbaudwp.com\/es\/our-programs\/education-community-programs\/\" role=\"button\" target=\"_self\">\n\t\t\t\t\t\t\t\t\t\tAprende m\u00e1s\n\t\t\t\t\t\t\t\t\t<\/a>\n\t\t<h1>\n\t\t\tBrowse Programs\n\t\t<\/h1>\n\t\t<h2>\n\t\t\tEnriqueciendo vidas\n\t\t<\/h2>\n\t\t\t\t\t\t\t\t\t\t<p>GTF apoya a mis pacientes de trasplantes de formas m\u00e1s all\u00e1 de lo que los hospitales pueden hacer. Los servicios de GTF ayudan a los pacientes a obtener medicamentos esenciales y a mantener un trasplante exitoso. Por esta raz\u00f3n, sigo apoyando a GTF y los programas que ofrece.<\/p>\n\t\t\t\t\t\t\t\t\t<h3>- Andy Smith, m\u00e9dico<\/h3>\n\t\t\t\t\t\t\t\t\t\t\t\t\t<h4>Ex presidente de la junta y m\u00e9dico de trasplantes<\/h4>\n\t<!-- \/.pp-testimonials -->\n\t<a href=\"#\" id=\"trigger-\" role=\"button\" data-modal=\"\" data-node=\"\">\n\t\t\t\t\t<\/a>\n\t\t\t\t\t\tVista previa modal\n\t\t\t\t\t\t<iframe width=\"960\" height=\"715\" src=\"https:\/\/www.youtube.com\/embed\/goWbkkuAzaQ\" frameborder=\"0\" allow=\"accelerometer; autoplay; clipboard-write; encrypted-media; gyroscope; picture-in-picture\" allowfullscreen><\/iframe>\t\t\t\t\t\n\t<p>Descripci\u00f3n general en video de c\u00f3mo puede ayudar GTF<\/p>","protected":false},"excerpt":{"rendered":"<p>Our Programs Georgia Transplant Foundation provides a complete range of programs and services to help transplant patients and their families at all stages of their transplant journey. Living Longer, Healthier&hellip;<\/p>","protected":false},"author":43,"featured_media":0,"parent":0,"menu_order":11,"comment_status":"closed","ping_status":"closed","template":"","meta":{"_acf_changed":false,"_monsterinsights_skip_tracking":false,"_monsterinsights_sitenote_active":false,"_monsterinsights_sitenote_note":"","_monsterinsights_sitenote_category":0,"footnotes":""},"class_list":["post-6835","page","type-page","status-publish","hentry"],"acf":[],"aioseo_notices":[],"_links":{"self":[{"href":"https:\/\/gatransplant.blackbaudwp.com\/es\/wp-json\/wp\/v2\/pages\/6835","targetHints":{"allow":["GET"]}}],"collection":[{"href":"https:\/\/gatransplant.blackbaudwp.com\/es\/wp-json\/wp\/v2\/pages"}],"about":[{"href":"https:\/\/gatransplant.blackbaudwp.com\/es\/wp-json\/wp\/v2\/types\/page"}],"author":[{"embeddable":true,"href":"https:\/\/gatransplant.blackbaudwp.com\/es\/wp-json\/wp\/v2\/users\/43"}],"replies":[{"embeddable":true,"href":"https:\/\/gatransplant.blackbaudwp.com\/es\/wp-json\/wp\/v2\/comments?post=6835"}],"version-history":[{"count":5,"href":"https:\/\/gatransplant.blackbaudwp.com\/es\/wp-json\/wp\/v2\/pages\/6835\/revisions"}],"predecessor-version":[{"id":62574,"href":"https:\/\/gatransplant.blackbaudwp.com\/es\/wp-json\/wp\/v2\/pages\/6835\/revisions\/62574"}],"wp:attachment":[{"href":"https:\/\/gatransplant.blackbaudwp.com\/es\/wp-json\/wp\/v2\/media?parent=6835"}],"curies":[{"name":"wp","href":"https:\/\/api.w.org\/{rel}","templated":true}]}}