{"id":62397,"date":"2025-08-13T15:19:45","date_gmt":"2025-08-13T19:19:45","guid":{"rendered":"https:\/\/gatransplant.blackbaudwp.com\/?page_id=62397"},"modified":"2025-08-13T15:20:39","modified_gmt":"2025-08-13T19:20:39","slug":"share-your-story","status":"publish","type":"page","link":"https:\/\/gatransplant.blackbaudwp.com\/es\/share-your-story\/","title":{"rendered":"Comparte tu historia"},"content":{"rendered":"<p>Ayude a inspirar a otros a trav\u00e9s de los altibajos de su viaje de trasplante. Podr\u00eda aparecer en los materiales colaterales de GTF, en l\u00ednea y en la revista Imprint de GTF.<\/p>\t\t\n                            \n                        <form method='post' enctype='multipart\/form-data' target='gform_ajax_frame_3' id='gform_3'  action='https:\/\/gatransplant.blackbaudwp.com\/es\/share-your-story\/?fl_builder&#038;fl_builder_ui_iframe#gf_3' data-formid='3' novalidate data-trp-original-action=\"https:\/\/gatransplant.blackbaudwp.com\/share-your-story\/?fl_builder&#038;fl_builder_ui_iframe#gf_3\">\n                        <ul id='gform_fields_3' class='gform_fields top_label form_sublabel_below description_below validation_below'><li id=\"field_3_4\"><label class='gfield_label gform-field-label' for='input_3_4'>First Name*<\/label><input name='input_4' id='input_3_4' type='text' value='' class='large'     aria-required=\"true\" aria-invalid=\"false\"   \/><\/li><li id=\"field_3_5\"><label class='gfield_label gform-field-label' for='input_3_5'>Last Name<\/label><input name='input_5' id='input_3_5' type='text' value='' class='large'      aria-invalid=\"false\"   \/><\/li><li id=\"field_3_6\"><label class='gfield_label gform-field-label' for='input_3_6'>Correo electr\u00f3nico*<\/label>\n                            <input name='input_6' id='input_3_6' type='email' value='' class='large'    aria-required=\"true\" aria-invalid=\"false\"  \/>\n                        <\/li><li id=\"field_3_7\"><label class='gfield_label gform-field-label' for='input_3_7'>Your Story*<\/label><textarea name='input_7' id='input_3_7' class='textarea large'     aria-required=\"true\" aria-invalid=\"false\"   rows='10' cols='50'><\/textarea><\/li><li id=\"field_3_8\"><label class='gfield_label gform-field-label' for='input_3_8'>Photo<\/label><input type='hidden' name='MAX_FILE_SIZE' value='16777216' \/><input name='input_8' id='input_3_8' type='file' class='medium' aria-describedby=\"gfield_upload_rules_3_8 gfield_description_3_8\" onchange='javascript:gformValidateFileSize( this, 16777216 );'  \/>Max. file size: 16 MB.Please make sure to upload a high resolution image.<\/li><li id=\"field_3_2\"><label class='gfield_label gform-field-label gfield_label_before_complex'>Consent*<\/label><input name='input_2.1' id='input_3_2_1' type='checkbox' value='1'   aria-required=\"true\" aria-invalid=\"false\"   \/> <label for='input_3_2_1'>I agree to the privacy policy.<\/label><input type='hidden' name='input_2.2' value='I agree to the privacy policy.' class='gform_hidden' \/><input type='hidden' name='input_2.3' value='1' class='gform_hidden' \/><\/li><li id=\"field_3_1\"><label class='gfield_label gform-field-label' for='input_3_1'>CAPTCHA<\/label><\/li><\/ul>\n         <input type='submit' id='gform_submit_button_3' class='gform_button button' onclick='gform.submission.handleButtonClick(this);' data-submission-type='submit' value='Enviar'  \/> <input type='hidden' name='gform_ajax' value='form_id=3&amp;title=&amp;description=1&amp;tabindex=0&amp;theme=legacy&amp;styles=[]&amp;hash=ba868537adbfc468d4e8ff94d2a74ce5' \/>\n            <input type='hidden' class='gform_hidden' name='gform_submission_method' data-js='gform_submission_method_3' value='iframe' \/>\n            <input type='hidden' class='gform_hidden' name='gform_theme' data-js='gform_theme_3' id='gform_theme_3' value='legacy' \/>\n            <input type='hidden' class='gform_hidden' name='gform_style_settings' data-js='gform_style_settings_3' id='gform_style_settings_3' value='[]' \/>\n            <input type='hidden' class='gform_hidden' name='is_submit_3' value='1' \/>\n            <input type='hidden' class='gform_hidden' name='gform_submit' value='3' \/>\n            <input type='hidden' class='gform_hidden' name='gform_unique_id' value='' \/>\n            <input type='hidden' class='gform_hidden' name='state_3' value='WyJ7XCIyLjFcIjpcImNkY2MyNDVmMTY2ZjYwM2M3ODgzMGUwNzc4ODkwYTc5XCIsXCIyLjJcIjpcIjg1MzcyZTM5OWE1YWI5YWE3OTEzZjQwYTFjZTBiOTRjXCIsXCIyLjNcIjpcImNkY2MyNDVmMTY2ZjYwM2M3ODgzMGUwNzc4ODkwYTc5XCJ9IiwiYmMwYjZjMTc2ZGE0Mjc2MDZkZWMwMzg5ODI4NzI2ZWMiXQ==' \/>\n            <input type='hidden' autocomplete='off' class='gform_hidden' name='gform_target_page_number_3' id='gform_target_page_number_3' value='0' \/>\n            <input type='hidden' autocomplete='off' class='gform_hidden' name='gform_source_page_number_3' id='gform_source_page_number_3' value='1' \/>\n            <input type='hidden' name='gform_field_values' value='' \/>\n                        <input type=\"hidden\" name=\"trp-form-language\" value=\"es\"\/><\/form>\n\t\t                <iframe style='display:none;width:0px;height:0px;' src='about:blank' name='gform_ajax_frame_3' id='gform_ajax_frame_3' title='Este iframe contiene la l\u00f3gica necesaria para manejar Gravity Forms con tecnolog\u00eda Ajax.'><\/iframe>","protected":false},"excerpt":{"rendered":"<p>Ayude a inspirar a otros a trav\u00e9s de los altibajos de su viaje de trasplante. Podr\u00eda aparecer en los materiales colaterales de GTF, en l\u00ednea y en la revista Imprint de GTF.<\/p>","protected":false},"author":43,"featured_media":8929,"parent":0,"menu_order":0,"comment_status":"closed","ping_status":"closed","template":"","meta":{"_acf_changed":false,"_monsterinsights_skip_tracking":false,"_monsterinsights_sitenote_active":false,"_monsterinsights_sitenote_note":"","_monsterinsights_sitenote_category":0,"footnotes":""},"class_list":["post-62397","page","type-page","status-publish","has-post-thumbnail","hentry"],"acf":[],"aioseo_notices":[],"_links":{"self":[{"href":"https:\/\/gatransplant.blackbaudwp.com\/es\/wp-json\/wp\/v2\/pages\/62397","targetHints":{"allow":["GET"]}}],"collection":[{"href":"https:\/\/gatransplant.blackbaudwp.com\/es\/wp-json\/wp\/v2\/pages"}],"about":[{"href":"https:\/\/gatransplant.blackbaudwp.com\/es\/wp-json\/wp\/v2\/types\/page"}],"author":[{"embeddable":true,"href":"https:\/\/gatransplant.blackbaudwp.com\/es\/wp-json\/wp\/v2\/users\/43"}],"replies":[{"embeddable":true,"href":"https:\/\/gatransplant.blackbaudwp.com\/es\/wp-json\/wp\/v2\/comments?post=62397"}],"version-history":[{"count":2,"href":"https:\/\/gatransplant.blackbaudwp.com\/es\/wp-json\/wp\/v2\/pages\/62397\/revisions"}],"predecessor-version":[{"id":62400,"href":"https:\/\/gatransplant.blackbaudwp.com\/es\/wp-json\/wp\/v2\/pages\/62397\/revisions\/62400"}],"wp:featuredmedia":[{"embeddable":true,"href":"https:\/\/gatransplant.blackbaudwp.com\/es\/wp-json\/wp\/v2\/media\/8929"}],"wp:attachment":[{"href":"https:\/\/gatransplant.blackbaudwp.com\/es\/wp-json\/wp\/v2\/media?parent=62397"}],"curies":[{"name":"wp","href":"https:\/\/api.w.org\/{rel}","templated":true}]}}