{"id":2,"date":"2018-04-04T17:13:02","date_gmt":"2018-04-04T17:13:02","guid":{"rendered":"http:\/\/bbwpmaster.blackbaudwp.com\/?page_id=2"},"modified":"2025-10-02T13:00:04","modified_gmt":"2025-10-02T17:00:04","slug":"homepage","status":"publish","type":"page","link":"https:\/\/gatransplant.blackbaudwp.com\/es\/","title":{"rendered":"P\u00e1gina principal"},"content":{"rendered":"<h1>\n\t\t\tEnriqueciendo vidas\n\t\t<\/h1>\n\t\t\t<p>Cerramos la brecha entre la esperanza y la oportunidad al educar y enriquecer las vidas de las personas afectadas por el trasplante de \u00f3rganos.<\/p>\t\t\n\t\t\t<a href=\"#\" target=\"_self\">\n\t\t\t\t\t\t<h3>Solicita ayuda<\/h3>\t\t\t\t\t\n\t\t\t<p><a href=\"#\">Name\/Link to Resource<\/a><a href=\"#\">Name\/Link to Resource<\/a><a href=\"#\">Name\/Link to Resource<\/a><a href=\"#\">Ver todo<\/a><\/p>\t\t\n\t\t<\/a>\n\t\t\t<a href=\"#\" target=\"_self\">\n\t\t\t\t\t\t<h3>Community<\/h3>\t\t\t\t\t\n\t\t\t<p><a href=\"#\">Name\/Link to Resource<\/a><a href=\"#\">Name\/Link to Resource<\/a><a href=\"#\">Name\/Link to Resource<\/a><a href=\"#\">Ver todo<\/a><\/p>\t\t\n\t\t<\/a>\n\t\t\t<a href=\"#\" target=\"_self\">\n\t\t\t\t\t\t<h3>Documentos<\/h3>\t\t\t\t\t\n\t\t\t<p><a href=\"#\">Name\/Link to Resource<\/a><a href=\"#\">Name\/Link to Resource<\/a><a href=\"#\">Name\/Link to Resource<\/a><a href=\"#\">Ver todo<\/a><\/p>\t\t\n\t\t<\/a>\n\t\t<h2>\n\t\t\tFinancial Aid\n\t\t<\/h2>\n\t\t\t<p>Nuestros programas de asistencia financiera ofrecen apoyo transitorio a corto plazo a las personas y familias afectadas por el trasplante.<\/p>\t\t\n\t\t\t<a href=\"#\" target=\"_self\">\n\t\t\t\t\t\tEmergencies\t\t\t\t\t\n\t\t<\/a>\n\t\t\t<a href=\"#\" target=\"_self\">\n\t\t\t\t\t\tMedications\t\t\t\t\t\n\t\t<\/a>\n\t\t\t<a href=\"#\" target=\"_self\">\n\t\t\t\t\t\tEvaluation\t\t\t\t\t\n\t\t<\/a>\n\t\t\t<a href=\"#\" target=\"_self\">\n\t\t\t\t\t\tLodging\t\t\t\t\t\n\t\t<\/a>\n\t\t\t<a href=\"#\" target=\"_self\">\n\t\t\t\t\t\tTransportation\t\t\t\t\t\n\t\t<\/a>\n\t\t\t<a href=\"#\" target=\"_self\">\n\t\t\t\t\t\tVer todo\t\t\t\t\t\n\t\t<\/a>\n\t\t<h2>\n\t\t\tFundraising\n\t\t<\/h2>\n\t\t\t<p>We help transplant patients prepare for ongoing transplant costs through fundraising assistance and account management for transplant funds.<\/p>\t\t\n\t\t\t<a href=\"#\" target=\"_self\">\n\t\t\t\t\t\tRecaudaci\u00f3n de fondos individual\t\t\t\t\t\n\t\t<\/a>\n\t\t\t<a href=\"#\" target=\"_self\">\n\t\t\t\t\t\tWorkshops\t\t\t\t\t\n\t\t<\/a>\n\t\t<h2>\n\t\t\tEducaci\u00f3n y comunidad\n\t\t<\/h2>\n\t\t\t<p>La fundaci\u00f3n ofrece varios programas y servicios de apoyo para ayudar con las necesidades educativas.<\/p>\t\t\n\t\t\t<a href=\"#\" target=\"_self\">\n\t\t\t\t\t\tBecas\t\t\t\t\t\n\t\t<\/a>\n\t\t\t<a href=\"#\" target=\"_self\">\n\t\t\t\t\t\tMentoring\t\t\t\t\t\n\t\t<\/a>\n\t\t\t<a href=\"#\" target=\"_self\">\n\t\t\t\t\t\tEmployment &#038; Career Development\t\t\t\t\t\n\t\t<\/a>\n\t\t<h2>\n\t\t\tUpcoming Programs and Events\n\t\t<\/h2>\n\t\t<h2>\n\t\t\tNuestro impacto en Georgia\n\t\t<\/h2>\n\t\t94%\n\t\t\t\t\tof donations go to programs and services\n\t\t$34,000\n\t\t\t\t\tawarded yearly in academic scholarships\n\t\t$3,975\n\t\t\t\t\tPatients enrolled in the Transplant Fundraising Program\n\t\t\t\t\t\t\t\t\t\t<p>GTF apoya a mis pacientes de trasplantes de formas m\u00e1s all\u00e1 de lo que los hospitales pueden hacer. Los servicios de GTF ayudan a los pacientes a obtener medicamentos esenciales y a mantener un trasplante exitoso. Por esta raz\u00f3n, sigo apoyando a GTF y los programas que ofrece.<\/p>\n\t\t\t\t\t\t\t\t\t<h3>- Andy Smith, m\u00e9dico<\/h3>\n\t\t\t\t\t\t\t\t\t\t\t\t\t<h4>Ex presidente de la junta y m\u00e9dico de trasplantes<\/h4>\n\t\t\t\t\t\t\t\t\t\t<p>Despu\u00e9s de recibir mi trasplante de coraz\u00f3n, me inscrib\u00ed en el programa JumpStart y recib\u00ed apoyo financiero para tomar clases de asistente de enfermer\u00eda certificado. Ahora, tengo una carrera que nunca hubiera podido lograr sin el Programa JumpStart y la asistencia de GTF.<\/p>\n\t\t\t\t\t\t\t\t\t<h3>&#8211; Sherry C<\/h3>\n\t\t\t\t\t\t\t\t\t\t\t\t\t<h4>Heart Transplant Recipient<\/h4>\n\t\t\t\t\t\t\t\t\t\t<p>Antes de mi trasplante, nunca hubiera imaginado la direcci\u00f3n que tomar\u00eda mi vida. \u00a1Estoy muy agradecido con la comunidad de trasplantes por darme la oportunidad de tener \u00e9xito en muchos aspectos diferentes de mi vida!<\/p>\n\t\t\t\t\t\t\t\t\t<h3>&#8211; Ken Sutha, MD<\/h3>\n\t\t\t\t\t\t\t\t\t\t\t\t\t<h4>Academic Scholarship Recipient<\/h4>\n\t\t\t\t\t\t\t\t\t\t<p>Trasplantar es solo una palabra hasta que te enfrentas a ella. Mi mentor me hizo darme cuenta de que no estaba solo. Aqu\u00ed estaba alguien que hab\u00eda recorrido el camino en el que me encontraba ahora. Una gu\u00eda de lo que se avecina y una fuente constante de aliento.<\/p>\n\t\t\t\t\t\t\t\t\t<h3>&#8211; Brian<\/h3>\n\t\t\t\t\t\t\t\t\t\t\t\t\t<h4>Kidney and Pancreas Transplant Recipient<\/h4>\n\t<!-- \/.pp-testimonials -->\n\t\t<h2>\n\t\t\tAyude a la comunidad de trasplantes de \u00f3rganos\n\t\t<\/h2>\n\t\t\t<a href=\"https:\/\/gatransplant.org\/giving\/donate\/\" target=\"_self\">\n\t\t\t\t\t\t\tDonar\n\t\t\t\t\t<\/a>\n\t\t\t<a href=\"https:\/\/gatransplant.org\/get-involved\/become-a-partner\/\" target=\"_self\">\n\t\t\t\t\t\t\tConvi\u00e9rtete en patrocinador\n\t\t\t\t\t<\/a>\n\t\t\t<a href=\"https:\/\/gatransplant.org\/get-involved\/volunteer\/\" target=\"_self\">\n\t\t\t\t\t\t\tVoluntario\n\t\t\t\t\t<\/a>","protected":false},"excerpt":{"rendered":"<p>Enriching Lives We bridge the gap between hope and opportunity by educating and enriching the lives of those affected by organ transplant. Apply for Help Name\/Link to ResourceName\/Link to ResourceName\/Link&hellip;<\/p>","protected":false},"author":1,"featured_media":0,"parent":0,"menu_order":0,"comment_status":"closed","ping_status":"open","template":"","meta":{"_acf_changed":false,"_monsterinsights_skip_tracking":false,"_monsterinsights_sitenote_active":false,"_monsterinsights_sitenote_note":"","_monsterinsights_sitenote_category":0,"footnotes":""},"class_list":["post-2","page","type-page","status-publish","hentry"],"acf":[],"aioseo_notices":[],"_links":{"self":[{"href":"https:\/\/gatransplant.blackbaudwp.com\/es\/wp-json\/wp\/v2\/pages\/2","targetHints":{"allow":["GET"]}}],"collection":[{"href":"https:\/\/gatransplant.blackbaudwp.com\/es\/wp-json\/wp\/v2\/pages"}],"about":[{"href":"https:\/\/gatransplant.blackbaudwp.com\/es\/wp-json\/wp\/v2\/types\/page"}],"author":[{"embeddable":true,"href":"https:\/\/gatransplant.blackbaudwp.com\/es\/wp-json\/wp\/v2\/users\/1"}],"replies":[{"embeddable":true,"href":"https:\/\/gatransplant.blackbaudwp.com\/es\/wp-json\/wp\/v2\/comments?post=2"}],"version-history":[{"count":5,"href":"https:\/\/gatransplant.blackbaudwp.com\/es\/wp-json\/wp\/v2\/pages\/2\/revisions"}],"predecessor-version":[{"id":62572,"href":"https:\/\/gatransplant.blackbaudwp.com\/es\/wp-json\/wp\/v2\/pages\/2\/revisions\/62572"}],"wp:attachment":[{"href":"https:\/\/gatransplant.blackbaudwp.com\/es\/wp-json\/wp\/v2\/media?parent=2"}],"curies":[{"name":"wp","href":"https:\/\/api.w.org\/{rel}","templated":true}]}}