{"id":12,"date":"2018-04-04T16:58:00","date_gmt":"2018-04-04T20:58:00","guid":{"rendered":"http:\/\/bbwpmaster.blackbaudwp.com\/?page_id=12"},"modified":"2025-09-07T15:29:16","modified_gmt":"2025-09-07T19:29:16","slug":"privacy-policy","status":"publish","type":"page","link":"https:\/\/gatransplant.blackbaudwp.com\/es\/privacy-policy\/","title":{"rendered":"Pol\u00edtica de privacidad"},"content":{"rendered":"<h1>Pol\u00edtica de privacidad<\/h1>\n<h2>Declaracion de privacidad<\/h2>\n<p>La seguridad de su informaci\u00f3n personal es importante para nosotros. Nunca vendemos ni alquilamos su informaci\u00f3n personal a terceros bajo ninguna circunstancia. Valoramos su confianza y trabajaremos para proteger la seguridad y privacidad de cualquier informaci\u00f3n personal que nos proporcione. La informaci\u00f3n que recopilamos cuando realiza una donaci\u00f3n a GTF se utiliza \u00fanicamente con el fin de aceptar su pago.<\/p>\n\t<h2>Non-Discrimination Policy<\/h2>\n<p>Georgia Transplant Foundation is committed to creating a friendly environment where each individual is welcomed and respected. We believe that no person should be excluded from the Foundation&#8217;s services, employment, or volunteer participation on the basis of race, color, religion (creed), gender, gender expression, age, national origin (ancestry), disability, marital status, sexual orientation, or military status, or for any other discriminatory practice.<\/p>\n<p>Georgia Transplant Foundation is expressly nonpolitical and is not aligned with any political party, creed, organization, or movement. Georgia Transplant Foundation is not aligned with any religious belief. We invite faith-based organizations to partner with our programs so long as they meet our nonprofit partner eligibility criteria and fulfill a strictly charitable purpose.<\/p>\n<p>Georgia Transplant Foundation does not and shall not discriminate on the basis of race, color, religion (creed), gender, gender expression, age, national origin (ancestry), disability, marital status, sexual orientation, or military status, in any of its activities or operations. These activities include, but are not limited to, the appointment to and termination from its Board of Directors, hiring and firing of staff or contractors, selection of volunteers or vendors, and providing of services.<\/p>\n<p>We are committed to providing an inclusive and welcoming environment for all clients, volunteers, partners, staff, and Board members. We aim to build relationships with a wide spectrum of people and organizations as to continue being able to <em>Enrich Lives Everyday.<\/em><\/p>","protected":false},"excerpt":{"rendered":"<p>Privacy Policy Privacy Statement The security of your personal information is important to us. We never sell or rent your personal information to any third parties under any circumstances. We&hellip;<\/p>","protected":false},"author":1,"featured_media":963,"parent":0,"menu_order":7,"comment_status":"closed","ping_status":"closed","template":"","meta":{"_acf_changed":false,"_monsterinsights_skip_tracking":false,"_monsterinsights_sitenote_active":false,"_monsterinsights_sitenote_note":"","_monsterinsights_sitenote_category":0,"footnotes":""},"class_list":["post-12","page","type-page","status-publish","has-post-thumbnail","hentry"],"acf":[],"aioseo_notices":[],"_links":{"self":[{"href":"https:\/\/gatransplant.blackbaudwp.com\/es\/wp-json\/wp\/v2\/pages\/12","targetHints":{"allow":["GET"]}}],"collection":[{"href":"https:\/\/gatransplant.blackbaudwp.com\/es\/wp-json\/wp\/v2\/pages"}],"about":[{"href":"https:\/\/gatransplant.blackbaudwp.com\/es\/wp-json\/wp\/v2\/types\/page"}],"author":[{"embeddable":true,"href":"https:\/\/gatransplant.blackbaudwp.com\/es\/wp-json\/wp\/v2\/users\/1"}],"replies":[{"embeddable":true,"href":"https:\/\/gatransplant.blackbaudwp.com\/es\/wp-json\/wp\/v2\/comments?post=12"}],"version-history":[{"count":5,"href":"https:\/\/gatransplant.blackbaudwp.com\/es\/wp-json\/wp\/v2\/pages\/12\/revisions"}],"predecessor-version":[{"id":62498,"href":"https:\/\/gatransplant.blackbaudwp.com\/es\/wp-json\/wp\/v2\/pages\/12\/revisions\/62498"}],"wp:featuredmedia":[{"embeddable":true,"href":"https:\/\/gatransplant.blackbaudwp.com\/es\/wp-json\/wp\/v2\/media\/963"}],"wp:attachment":[{"href":"https:\/\/gatransplant.blackbaudwp.com\/es\/wp-json\/wp\/v2\/media?parent=12"}],"curies":[{"name":"wp","href":"https:\/\/api.w.org\/{rel}","templated":true}]}}